{"id":4077,"date":"2019-08-08T12:09:02","date_gmt":"2019-08-08T11:09:02","guid":{"rendered":"https:\/\/powerarea.nl\/geschenkgutscheine\/"},"modified":"2024-11-14T10:30:30","modified_gmt":"2024-11-14T09:30:30","slug":"geschenkgutscheine","status":"publish","type":"page","link":"https:\/\/powerarea.nl\/de\/geschenkgutscheine\/","title":{"rendered":"Geschenkgutscheine"},"content":{"rendered":"[vc_row][vc_column][vc_empty_space height=&#8220;70px&#8220;][vc_row_inner][vc_column_inner width=&#8220;1\/2&#8243;]<div class=\"tm-element-heading-wrapper tm-heading-inner tm-element-align-left tm-seperator-none tm-heading-style-vertical \"><section class=\"tm-vc_cta3-container\"><div class=\"tm-vc_general tm-vc_cta3 tm-cta3-only tm-vc_cta3-style-classic tm-vc_cta3-shape-rounded tm-vc_cta3-align-left tm-vc_cta3-color-transparent tm-vc_cta3-icon-size-md tm-vc_cta3-actions-no tm-cta3-with-desc\"><div class=\"tm-vc_cta3_content-container\"><div class=\"tm-vc_cta3-content\"><header class=\"tm-vc_cta3-content-header tm-wrap\"><div class=\"tm-vc_cta3-headers tm-wrap-cell\"><h4 class=\"tm-custom-heading \" >Das beste Geschenk, das man sich w\u00fcnschen kann!<\/h4>\n<h2 class=\"tm-custom-heading \" >GESCHENKGUTSCHEIN<\/h2>\n<\/div><\/header><div class=\"tm-cta3-content-wrapper\">Die Powerarea Geschenkgutschein ist das beste Geschenk f\u00fcr einen unterhaltsamen Tag! Mit mehr als 8 Aktivit\u00e4ten gibt es f\u00fcr Jung und Alt viel zu tun. Dar\u00fcber hinaus ist der Geschenkgutschein in verschiedenen Mengen erh\u00e4ltlich und sowohl an der Kasse als auch online erh\u00e4ltlich.<\/div><\/div><\/div><\/div><\/section><\/div> <!-- .tm-element-heading-wrapper container --> <ul class=\"tm-list tm-list-style-icon tm-list-icon-color-skincolor tm- tm-icon-skincolor tm-list-textsize- tm-list-icon-library-fontawesome\"><li><i class=\"tm-skincolor fa fa-caret-right\"><\/i>  <span class=\"tm-list-li-content\">Erh\u00e4ltlich an der Kasse und online!<\/span><\/li><li><i class=\"tm-skincolor fa fa-caret-right\"><\/i>  <span class=\"tm-list-li-content\">Kaufen und versenden Sie Ihre digitale Geschenkkarte einfach online und w\u00e4hlen Sie aus einer Vielzahl von Designs. <\/span><\/li><li><i class=\"tm-skincolor fa fa-caret-right\"><\/i>  <span class=\"tm-list-li-content\">Auswahl verschiedener Betr\u00e4ge ab 10\u20ac<\/span><\/li><li><i class=\"tm-skincolor fa fa-caret-right\"><\/i>  <span class=\"tm-list-li-content\">G\u00fcltig f\u00fcr 1 Jahr ab dem Ausgabedatum<\/span><\/li><li><i class=\"tm-skincolor fa fa-caret-right\"><\/i>  <span class=\"tm-list-li-content\">Einl\u00f6sbar f\u00fcr alle Aktivit\u00e4ten an der Kasse und online<\/span><\/li><\/ul>[\/vc_column_inner][vc_column_inner width=&#8220;1\/2&#8243;][vc_gallery type=&#8220;flexslider_slide&#8220; interval=&#8220;5&#8243; images=&#8220;12929,12926,12923,12911,12914,12917,12920&#8243; img_size=&#8220;large&#8220;][\/vc_column_inner][\/vc_row_inner][vc_empty_space height=&#8220;70px&#8220;][\/vc_column][\/vc_row][vc_row tm_bgimagefixed=&#8220;&#8220; full_width=&#8220;stretch_row&#8220; css=&#8220;.vc_custom_1679922377703{background-color: #efefef !important;}&#8220;][vc_column][vc_empty_space height=&#8220;70px&#8220;]<div class=\"templatera_shortcode\">\n\n\n\n<div class=\"tm-row wpb_row vc_row-fluid tm-zindex-0 vc_row container tm-bgimage-position-center_center\">\n\n\t\t\n\t\t\n\t\t\n\n<div class=\"wpb_column tm-column vc_column_container vc_col-sm-12 tm-zindex-0\">\n\t<div class=\"vc_column-inner  \">\n\t\t\t\t<div class=\"wpb_wrapper\">\n\t\t\t<div class=\"tm-element-heading-wrapper tm-heading-inner tm-element-align-center tm-seperator-solid tm-heading-style-vertical \"><section class=\"tm-vc_cta3-container\"><div class=\"tm-vc_general tm-vc_cta3 tm-cta3-only tm-vc_cta3-style-classic tm-vc_cta3-shape-rounded tm-vc_cta3-align-center tm-vc_cta3-color-transparent tm-vc_cta3-icon-size-md tm-vc_cta3-actions-no tm-cta3-without-desc\"><div class=\"tm-vc_cta3_content-container\"><div class=\"tm-vc_cta3-content\"><header class=\"tm-vc_cta3-content-header tm-wrap\"><div class=\"tm-vc_cta3-headers tm-wrap-cell\"><h4 class=\"tm-custom-heading \" >READY, SET...GO!<\/h4>\n<h2 class=\"tm-custom-heading \" >Pakete<\/h2>\n<\/div><\/header><\/div><\/div><\/div><\/section><\/div> <!-- .tm-element-heading-wrapper container --> \t\t<\/div>\n\t<\/div>\n<\/div>\n\n\n\n\t\t\n\t<\/div>\n\n\n\n\n\n\n\n<\/div><div class=\"templatera_shortcode\">\n\n\n\n<div class=\"tm-row wpb_row vc_row-fluid tm-zindex-0 vc_row container tm-bgimage-position-center_center\">\n\n\t\t\n\t\t\n\t\t\n\n<div class=\"wpb_column tm-column vc_column_container vc_col-sm-12 tm-zindex-0\">\n\t<div class=\"vc_column-inner  \">\n\t\t\t\t<div class=\"wpb_wrapper\">\n\t\t\t\n\t<div class=\"wpb_raw_code wpb_content_element wpb_raw_html\" >\n\t\t<div class=\"wpb_wrapper\">\n\t\t\t<div style=\"display: flex;\" class=\"activiteitenbox-ticket activiteitenbox-ticket-horizontal horizontal-container\">\n  <div style=\"flex: 1;\">\n    <img decoding=\"async\" src=\"\/wp-content\/uploads\/2021\/04\/giftcard-verjaardag.png\" class=\"activiteitenbox-ticket-img-horizontal\">\n<\/div>\n\n  <div style=\"flex: 2; text-align: left; padding: 10px 15px 10px 15px;\">\n<div class=\"activiteitenbox-ticket-subheader\">Das beste Geschenk, das man sich w\u00fcnschen kann!<\/div>\n<div class=\"activiteitenbox-ticket-title-horizontal\">GESCHENKGUTSCHEIN<\/div>\n<p id=\"text-activiteitenbox\">Die Powerarea Geschenkgutschein ist das beste Geschenk f\u00fcr einen unterhaltsamen Tag! Mit mehr als 8 Aktivit\u00e4ten gibt es f\u00fcr Jung und Alt viel zu tun. Dar\u00fcber hinaus ist der Geschenkgutschein in verschiedenen Mengen erh\u00e4ltlich und sowohl an der Kasse als auch online erh\u00e4ltlich. <a id=\"pointer\" href=\"https:\/\/powerarea.nl\/de\/geschenkgutscheine\/\">Mehr lesen \u2192<\/a>\n<\/p>\n<\/div>\n  <div style=\"flex: 1; text-align: right; padding: 0px 15px 10px 15px;\">\n<div class=\"activiteitenbox-ticket-prijs\"><span style=\"font-size: 14px; font-weight: 400px;\">ab<\/span> 10\u20ac<\/div>\n<div class=\"activiteitenbox-ticket-prijs-toelichting\"><i>per Geschenkgutschein<\/i><\/div>\n    <a href=\"https:\/\/booking.bmileisure.com\/powerarea?pageId=22554893\"><div class=\"activiteitenbox-ticket-button-horizontal\">Kaufen<\/div><\/a>\n<\/div>\n<\/div>\n\n\n\t\t<\/div>\n\t<\/div>\n\t\t<\/div>\n\t<\/div>\n<\/div>\n\n\n\n\t\t\n\t<\/div>\n\n\n\n\n\n\n\n<\/div>[vc_empty_space height=&#8220;70px&#8220;][\/vc_column][\/vc_row][vc_row][vc_column][vc_empty_space height=&#8220;70px&#8220;]<div class=\"tm-element-heading-wrapper tm-heading-inner tm-element-align-left tm-seperator-none tm-heading-style-vertical \"><section class=\"tm-vc_cta3-container\"><div class=\"tm-vc_general tm-vc_cta3 tm-cta3-only tm-vc_cta3-style-classic tm-vc_cta3-shape-rounded tm-vc_cta3-align-left tm-vc_cta3-color-transparent tm-vc_cta3-icon-size-md tm-vc_cta3-actions-no tm-cta3-with-desc\"><div class=\"tm-vc_cta3_content-container\"><div class=\"tm-vc_cta3-content\"><header class=\"tm-vc_cta3-content-header tm-wrap\"><div class=\"tm-vc_cta3-headers tm-wrap-cell\"><h4 class=\"tm-custom-heading \" >WERT ANFORDERN<\/h4>\n<h2 class=\"tm-custom-heading \" >EINE GESCHENKGUTSCHEIN ERHALTEN?<\/h2>\n<\/div><\/header><div class=\"tm-cta3-content-wrapper\">Sie k\u00f6nnen die wert Ihres Geschenkgutscheins \u00fcber das wert formular anfordern. <strong>Passt auf!<\/strong> Wir bem\u00fchen uns, innerhalb von 2 Werktagen zu antworten. Sie k\u00f6nnen unsere erneuerten Geschenkgutscheine jetzt auch \u00fcber unseren Webshop einl\u00f6sen. Wenn Sie den Geschenkgutschein online einl\u00f6sen, sehen Sie auch den Wert auf Ihrem Geschenkgutschein.<\/div><\/div><\/div><\/div><\/section><\/div> <!-- .tm-element-heading-wrapper container --> \n<div class=\"wpcf7 no-js\" id=\"wpcf7-f5471-o1\" lang=\"nl-NL\" dir=\"ltr\">\n<div class=\"screen-reader-response\"><p role=\"status\" aria-live=\"polite\" aria-atomic=\"true\"><\/p> <ul><\/ul><\/div>\n<form action=\"\/de\/wp-json\/wp\/v2\/pages\/4077#wpcf7-f5471-o1\" method=\"post\" class=\"wpcf7-form init\" aria-label=\"Contactformulier\" novalidate=\"novalidate\" data-status=\"init\">\n<div style=\"display: none;\">\n<input type=\"hidden\" name=\"_wpcf7\" value=\"5471\" \/>\n<input type=\"hidden\" name=\"_wpcf7_version\" value=\"5.9.8\" \/>\n<input type=\"hidden\" name=\"_wpcf7_locale\" value=\"nl_NL\" \/>\n<input type=\"hidden\" name=\"_wpcf7_unit_tag\" value=\"wpcf7-f5471-o1\" \/>\n<input type=\"hidden\" name=\"_wpcf7_container_post\" value=\"0\" \/>\n<input type=\"hidden\" name=\"_wpcf7_posted_data_hash\" value=\"\" \/>\n<input type=\"hidden\" name=\"_wpcf7cf_hidden_group_fields\" value=\"[]\" \/>\n<input type=\"hidden\" name=\"_wpcf7cf_hidden_groups\" value=\"[]\" \/>\n<input type=\"hidden\" name=\"_wpcf7cf_visible_groups\" value=\"[]\" \/>\n<input type=\"hidden\" name=\"_wpcf7cf_repeaters\" value=\"[]\" \/>\n<input type=\"hidden\" name=\"_wpcf7cf_steps\" value=\"{}\" \/>\n<input type=\"hidden\" name=\"_wpcf7cf_options\" value=\"{&quot;form_id&quot;:5471,&quot;conditions&quot;:[],&quot;settings&quot;:{&quot;animation&quot;:&quot;yes&quot;,&quot;animation_intime&quot;:200,&quot;animation_outtime&quot;:200,&quot;conditions_ui&quot;:&quot;normal&quot;,&quot;notice_dismissed&quot;:false,&quot;notice_dismissed_update-cf7-6.1.5&quot;:true}}\" \/>\n<input type=\"hidden\" name=\"_wpcf7_recaptcha_response\" value=\"\" \/>\n<\/div>\n<p><label> Anrede*<br \/>\n<span class=\"wpcf7-form-control-wrap\" data-name=\"Aanhef\"><select class=\"wpcf7-form-control wpcf7-select wpcf7-validates-as-required\" aria-required=\"true\" aria-invalid=\"false\" name=\"Aanhef\"><option value=\"\">&#8212;Kies een optie&#8212;<\/option><option value=\"Mr.\">Mr.<\/option><option value=\"Mrs.\">Mrs.<\/option><\/select><\/span> <\/label>\n<\/p>\n<p><label> Nachname*<br \/>\n<span class=\"wpcf7-form-control-wrap\" data-name=\"your-achternaam\"><input size=\"40\" maxlength=\"400\" class=\"wpcf7-form-control wpcf7-text wpcf7-validates-as-required\" aria-required=\"true\" aria-invalid=\"false\" value=\"\" type=\"text\" name=\"your-achternaam\" \/><\/span> <\/label>\n<\/p>\n<p><label> E-Mail*<br \/>\n<span class=\"wpcf7-form-control-wrap\" data-name=\"email\"><input size=\"40\" maxlength=\"400\" class=\"wpcf7-form-control wpcf7-email wpcf7-validates-as-required wpcf7-text wpcf7-validates-as-email\" aria-required=\"true\" aria-invalid=\"false\" value=\"\" type=\"email\" name=\"email\" \/><\/span> <\/label>\n<\/p>\n<p><label> Telefonnummer*<br \/>\n<span class=\"wpcf7-form-control-wrap\" data-name=\"your-telefoon\"><input size=\"40\" maxlength=\"400\" class=\"wpcf7-form-control wpcf7-text wpcf7-validates-as-required\" aria-required=\"true\" aria-invalid=\"false\" value=\"\" type=\"text\" name=\"your-telefoon\" \/><\/span> <\/label>\n<\/p>\n<p><label> Geben Sie hier den Code Ihres Geschenkgutscheins ein (f\u00fcr den alten Geschenkpass ist dies die CC-Nummer)*<br \/>\n<span class=\"wpcf7-form-control-wrap\" data-name=\"code\"><input size=\"40\" maxlength=\"400\" class=\"wpcf7-form-control wpcf7-text wpcf7-validates-as-required\" aria-required=\"true\" aria-invalid=\"false\" value=\"\" type=\"text\" name=\"code\" \/><\/span> <\/label>\n<\/p>\n<p><input class=\"wpcf7-form-control wpcf7-submit has-spinner\" id=\"button-form\" type=\"submit\" value=\"Senden\" \/>\n<div class=\"wpcf7-response-output\" aria-hidden=\"true\"><\/div><input type='hidden' class='wpcf7-pum' value='{\"closepopup\":false,\"closedelay\":0,\"openpopup\":false,\"openpopup_id\":0}' \/>\n<\/form>\n<\/div>\n[vc_empty_space height=&#8220;70px&#8220;][\/vc_column][\/vc_row]","protected":false},"excerpt":{"rendered":"Das beste Geschenk, das man sich w\u00fcnschen kann! GESCHENKGUTSCHEIN Die Powerarea Geschenkgutschein ist das beste Geschenk f\u00fcr einen unterhaltsamen Tag! Mit mehr als 8 Aktivit\u00e4ten gibt es f\u00fcr Jung und Alt viel zu tun. Dar\u00fcber hinaus ist der Geschenkgutschein in verschiedenen Mengen erh\u00e4ltlich und sowohl an der Kasse als auch online erh\u00e4ltlich. Erh\u00e4ltlich an der &hellip; <a href=\"https:\/\/powerarea.nl\/de\/geschenkgutscheine\/\" class=\"more-link\">Continue reading <span class=\"screen-reader-text\">Geschenkgutscheine<\/span><\/a>","protected":false},"author":3,"featured_media":0,"parent":0,"menu_order":0,"comment_status":"closed","ping_status":"closed","template":"","meta":{"_monsterinsights_skip_tracking":false,"_monsterinsights_sitenote_active":false,"_monsterinsights_sitenote_note":"","_monsterinsights_sitenote_category":0,"footnotes":""},"class_list":["post-4077","page","type-page","status-publish","hentry"],"yoast_head":"<!-- This site is optimized with the Yoast SEO plugin v23.5 - https:\/\/yoast.com\/wordpress\/plugins\/seo\/ -->\n<title>Geschenkgutscheine | Powerarea Vaals<\/title>\n<meta name=\"description\" content=\"Wem schenken Sie einen Geschenkgutschein zum Spielen von Karren, Paintballs oder zur Teilnahme an einem unserer Escape Rooms im Powerarea Vaals?\" \/>\n<meta name=\"robots\" content=\"index, follow, max-snippet:-1, max-image-preview:large, max-video-preview:-1\" \/>\n<link rel=\"canonical\" href=\"https:\/\/powerarea.nl\/de\/geschenkgutscheine\/\" \/>\n<meta property=\"og:locale\" content=\"de_DE\" \/>\n<meta property=\"og:type\" content=\"article\" \/>\n<meta property=\"og:title\" content=\"Geschenkgutscheine | Powerarea Vaals\" \/>\n<meta property=\"og:description\" content=\"Wem schenken Sie einen Geschenkgutschein zum Spielen von Karren, Paintballs oder zur Teilnahme an einem unserer Escape Rooms im Powerarea Vaals?\" \/>\n<meta property=\"og:url\" content=\"https:\/\/powerarea.nl\/de\/geschenkgutscheine\/\" \/>\n<meta property=\"og:site_name\" content=\"Powerarea\" \/>\n<meta property=\"article:modified_time\" content=\"2024-11-14T09:30:30+00:00\" \/>\n<meta name=\"twitter:card\" content=\"summary_large_image\" \/>\n<meta name=\"twitter:label1\" content=\"Gesch\u00e4tzte Lesezeit\" \/>\n\t<meta name=\"twitter:data1\" content=\"1\u00a0Minute\" \/>\n<script type=\"application\/ld+json\" class=\"yoast-schema-graph\">{\"@context\":\"https:\/\/schema.org\",\"@graph\":[{\"@type\":\"WebPage\",\"@id\":\"https:\/\/powerarea.nl\/de\/geschenkgutscheine\/\",\"url\":\"https:\/\/powerarea.nl\/de\/geschenkgutscheine\/\",\"name\":\"Geschenkgutscheine | Powerarea Vaals\",\"isPartOf\":{\"@id\":\"https:\/\/powerarea.nl\/#website\"},\"datePublished\":\"2019-08-08T11:09:02+00:00\",\"dateModified\":\"2024-11-14T09:30:30+00:00\",\"description\":\"Wem schenken Sie einen Geschenkgutschein zum Spielen von Karren, Paintballs oder zur Teilnahme an einem unserer Escape Rooms im Powerarea Vaals?\",\"breadcrumb\":{\"@id\":\"https:\/\/powerarea.nl\/de\/geschenkgutscheine\/#breadcrumb\"},\"inLanguage\":\"de\",\"potentialAction\":[{\"@type\":\"ReadAction\",\"target\":[\"https:\/\/powerarea.nl\/de\/geschenkgutscheine\/\"]}]},{\"@type\":\"BreadcrumbList\",\"@id\":\"https:\/\/powerarea.nl\/de\/geschenkgutscheine\/#breadcrumb\",\"itemListElement\":[{\"@type\":\"ListItem\",\"position\":1,\"name\":\"Home\",\"item\":\"https:\/\/powerarea.nl\/de\/\"},{\"@type\":\"ListItem\",\"position\":2,\"name\":\"Geschenkgutscheine\"}]},{\"@type\":\"WebSite\",\"@id\":\"https:\/\/powerarea.nl\/#website\",\"url\":\"https:\/\/powerarea.nl\/\",\"name\":\"Powerarea\",\"description\":\"Powerarea\",\"potentialAction\":[{\"@type\":\"SearchAction\",\"target\":{\"@type\":\"EntryPoint\",\"urlTemplate\":\"https:\/\/powerarea.nl\/?s={search_term_string}\"},\"query-input\":{\"@type\":\"PropertyValueSpecification\",\"valueRequired\":true,\"valueName\":\"search_term_string\"}}],\"inLanguage\":\"de\"}]}<\/script>\n<!-- \/ Yoast SEO plugin. -->","yoast_head_json":{"title":"Geschenkgutscheine | Powerarea Vaals","description":"Wem schenken Sie einen Geschenkgutschein zum Spielen von Karren, Paintballs oder zur Teilnahme an einem unserer Escape Rooms im Powerarea Vaals?","robots":{"index":"index","follow":"follow","max-snippet":"max-snippet:-1","max-image-preview":"max-image-preview:large","max-video-preview":"max-video-preview:-1"},"canonical":"https:\/\/powerarea.nl\/de\/geschenkgutscheine\/","og_locale":"de_DE","og_type":"article","og_title":"Geschenkgutscheine | Powerarea Vaals","og_description":"Wem schenken Sie einen Geschenkgutschein zum Spielen von Karren, Paintballs oder zur Teilnahme an einem unserer Escape Rooms im Powerarea Vaals?","og_url":"https:\/\/powerarea.nl\/de\/geschenkgutscheine\/","og_site_name":"Powerarea","article_modified_time":"2024-11-14T09:30:30+00:00","twitter_card":"summary_large_image","twitter_misc":{"Gesch\u00e4tzte Lesezeit":"1\u00a0Minute"},"schema":{"@context":"https:\/\/schema.org","@graph":[{"@type":"WebPage","@id":"https:\/\/powerarea.nl\/de\/geschenkgutscheine\/","url":"https:\/\/powerarea.nl\/de\/geschenkgutscheine\/","name":"Geschenkgutscheine | Powerarea Vaals","isPartOf":{"@id":"https:\/\/powerarea.nl\/#website"},"datePublished":"2019-08-08T11:09:02+00:00","dateModified":"2024-11-14T09:30:30+00:00","description":"Wem schenken Sie einen Geschenkgutschein zum Spielen von Karren, Paintballs oder zur Teilnahme an einem unserer Escape Rooms im Powerarea Vaals?","breadcrumb":{"@id":"https:\/\/powerarea.nl\/de\/geschenkgutscheine\/#breadcrumb"},"inLanguage":"de","potentialAction":[{"@type":"ReadAction","target":["https:\/\/powerarea.nl\/de\/geschenkgutscheine\/"]}]},{"@type":"BreadcrumbList","@id":"https:\/\/powerarea.nl\/de\/geschenkgutscheine\/#breadcrumb","itemListElement":[{"@type":"ListItem","position":1,"name":"Home","item":"https:\/\/powerarea.nl\/de\/"},{"@type":"ListItem","position":2,"name":"Geschenkgutscheine"}]},{"@type":"WebSite","@id":"https:\/\/powerarea.nl\/#website","url":"https:\/\/powerarea.nl\/","name":"Powerarea","description":"Powerarea","potentialAction":[{"@type":"SearchAction","target":{"@type":"EntryPoint","urlTemplate":"https:\/\/powerarea.nl\/?s={search_term_string}"},"query-input":{"@type":"PropertyValueSpecification","valueRequired":true,"valueName":"search_term_string"}}],"inLanguage":"de"}]}},"_links":{"self":[{"href":"https:\/\/powerarea.nl\/de\/wp-json\/wp\/v2\/pages\/4077"}],"collection":[{"href":"https:\/\/powerarea.nl\/de\/wp-json\/wp\/v2\/pages"}],"about":[{"href":"https:\/\/powerarea.nl\/de\/wp-json\/wp\/v2\/types\/page"}],"author":[{"embeddable":true,"href":"https:\/\/powerarea.nl\/de\/wp-json\/wp\/v2\/users\/3"}],"replies":[{"embeddable":true,"href":"https:\/\/powerarea.nl\/de\/wp-json\/wp\/v2\/comments?post=4077"}],"version-history":[{"count":0,"href":"https:\/\/powerarea.nl\/de\/wp-json\/wp\/v2\/pages\/4077\/revisions"}],"wp:attachment":[{"href":"https:\/\/powerarea.nl\/de\/wp-json\/wp\/v2\/media?parent=4077"}],"curies":[{"name":"wp","href":"https:\/\/api.w.org\/{rel}","templated":true}]}}