{"id":4078,"date":"2019-08-08T12:10:51","date_gmt":"2019-08-08T11:10:51","guid":{"rendered":"https:\/\/powerarea.nl\/disclaimer\/"},"modified":"2019-08-08T12:10:52","modified_gmt":"2019-08-08T11:10:52","slug":"disclaimer","status":"publish","type":"page","link":"https:\/\/powerarea.nl\/de\/disclaimer\/","title":{"rendered":"Disclaimer"},"content":{"rendered":"[vc_row][vc_column][vc_column_text]\r\n<h3>Disclaimer<\/h3>\nWir bem\u00fchen uns mit gr\u00f6\u00dftm\u00f6glicher Sorgfalt um die Zuverl\u00e4ssigkeit und Aktualit\u00e4t der Informationen auf unserer Website.\nEs kann aber immer zu Ungenauigkeiten und Auslassungen kommen.\n<h4>Beachten Sie daher immer Folgendes:<\/h4>\n<ul>\n \t<li>Wir \u00fcbernehmen keine Haftung f\u00fcr Sch\u00e4den, die durch den Inhalt und die Nutzung unserer Website entstehen.<\/li>\n \t<li>Wir garantieren keinen fehlerfreien Betrieb und keine st\u00f6rungsfreie Erreichbarkeit der Website oder unserer Onlinedienste.<\/li>\n \t<li>Die Informationen auf unserer Website d\u00fcrfen ohne unsere vorherige schriftliche Genehmigung nicht \u00fcbertragen, weitergegeben, bearbeitet oder verbreitet werden.<\/li>\n<\/ul>\r\n[\/vc_column_text][\/vc_column][\/vc_row]","protected":false},"excerpt":{"rendered":"[vc_row][vc_column][vc_column_text] Disclaimer Wir bem\u00fchen uns mit gr\u00f6\u00dftm\u00f6glicher Sorgfalt um die Zuverl\u00e4ssigkeit und Aktualit\u00e4t der Informationen auf unserer Website. Es kann aber immer zu Ungenauigkeiten und Auslassungen kommen. Beachten Sie daher immer Folgendes: Wir \u00fcbernehmen keine Haftung f\u00fcr Sch\u00e4den, die durch den Inhalt und die Nutzung unserer Website entstehen. Wir garantieren keinen fehlerfreien Betrieb und keine &hellip; <a href=\"https:\/\/powerarea.nl\/de\/disclaimer\/\" class=\"more-link\">Continue reading <span class=\"screen-reader-text\">Disclaimer<\/span><\/a>","protected":false},"author":3,"featured_media":0,"parent":0,"menu_order":0,"comment_status":"closed","ping_status":"closed","template":"","meta":{"_monsterinsights_skip_tracking":false,"_monsterinsights_sitenote_active":false,"_monsterinsights_sitenote_note":"","_monsterinsights_sitenote_category":0,"footnotes":""},"categories":[],"tags":[],"class_list":["post-4078","page","type-page","status-publish","hentry"],"yoast_head":"<!-- This site is optimized with the Yoast SEO plugin v23.5 - https:\/\/yoast.com\/wordpress\/plugins\/seo\/ -->\n<title>Disclaimer | Powerarea<\/title>\n<meta name=\"robots\" content=\"index, follow, max-snippet:-1, max-image-preview:large, max-video-preview:-1\" \/>\n<link rel=\"canonical\" href=\"https:\/\/powerarea.nl\/de\/disclaimer\/\" \/>\n<meta property=\"og:locale\" content=\"de_DE\" \/>\n<meta property=\"og:type\" content=\"article\" \/>\n<meta property=\"og:title\" content=\"Disclaimer | Powerarea\" \/>\n<meta property=\"og:description\" content=\"[vc_row][vc_column][vc_column_text] Disclaimer Wir bem\u00fchen uns mit gr\u00f6\u00dftm\u00f6glicher Sorgfalt um die Zuverl\u00e4ssigkeit und Aktualit\u00e4t der Informationen auf unserer Website. Es kann aber immer zu Ungenauigkeiten und Auslassungen kommen. Beachten Sie daher immer Folgendes: Wir \u00fcbernehmen keine Haftung f\u00fcr Sch\u00e4den, die durch den Inhalt und die Nutzung unserer Website entstehen. Wir garantieren keinen fehlerfreien Betrieb und keine &hellip; Continue reading Disclaimer\" \/>\n<meta property=\"og:url\" content=\"https:\/\/powerarea.nl\/de\/disclaimer\/\" \/>\n<meta property=\"og:site_name\" content=\"Powerarea\" \/>\n<meta property=\"article:modified_time\" content=\"2019-08-08T11:10:52+00:00\" \/>\n<meta name=\"twitter:card\" content=\"summary_large_image\" \/>\n<meta name=\"twitter:label1\" content=\"Gesch\u00e4tzte Lesezeit\" \/>\n\t<meta name=\"twitter:data1\" content=\"1\u00a0Minute\" \/>\n<script type=\"application\/ld+json\" class=\"yoast-schema-graph\">{\"@context\":\"https:\/\/schema.org\",\"@graph\":[{\"@type\":\"WebPage\",\"@id\":\"https:\/\/powerarea.nl\/de\/disclaimer\/\",\"url\":\"https:\/\/powerarea.nl\/de\/disclaimer\/\",\"name\":\"Disclaimer | Powerarea\",\"isPartOf\":{\"@id\":\"https:\/\/powerarea.nl\/#website\"},\"datePublished\":\"2019-08-08T11:10:51+00:00\",\"dateModified\":\"2019-08-08T11:10:52+00:00\",\"breadcrumb\":{\"@id\":\"https:\/\/powerarea.nl\/de\/disclaimer\/#breadcrumb\"},\"inLanguage\":\"de\",\"potentialAction\":[{\"@type\":\"ReadAction\",\"target\":[\"https:\/\/powerarea.nl\/de\/disclaimer\/\"]}]},{\"@type\":\"BreadcrumbList\",\"@id\":\"https:\/\/powerarea.nl\/de\/disclaimer\/#breadcrumb\",\"itemListElement\":[{\"@type\":\"ListItem\",\"position\":1,\"name\":\"Home\",\"item\":\"https:\/\/powerarea.nl\/de\/\"},{\"@type\":\"ListItem\",\"position\":2,\"name\":\"Disclaimer\"}]},{\"@type\":\"WebSite\",\"@id\":\"https:\/\/powerarea.nl\/#website\",\"url\":\"https:\/\/powerarea.nl\/\",\"name\":\"Powerarea\",\"description\":\"Powerarea\",\"potentialAction\":[{\"@type\":\"SearchAction\",\"target\":{\"@type\":\"EntryPoint\",\"urlTemplate\":\"https:\/\/powerarea.nl\/?s={search_term_string}\"},\"query-input\":{\"@type\":\"PropertyValueSpecification\",\"valueRequired\":true,\"valueName\":\"search_term_string\"}}],\"inLanguage\":\"de\"}]}<\/script>\n<!-- \/ Yoast SEO plugin. -->","yoast_head_json":{"title":"Disclaimer | Powerarea","robots":{"index":"index","follow":"follow","max-snippet":"max-snippet:-1","max-image-preview":"max-image-preview:large","max-video-preview":"max-video-preview:-1"},"canonical":"https:\/\/powerarea.nl\/de\/disclaimer\/","og_locale":"de_DE","og_type":"article","og_title":"Disclaimer | Powerarea","og_description":"[vc_row][vc_column][vc_column_text] Disclaimer Wir bem\u00fchen uns mit gr\u00f6\u00dftm\u00f6glicher Sorgfalt um die Zuverl\u00e4ssigkeit und Aktualit\u00e4t der Informationen auf unserer Website. Es kann aber immer zu Ungenauigkeiten und Auslassungen kommen. Beachten Sie daher immer Folgendes: Wir \u00fcbernehmen keine Haftung f\u00fcr Sch\u00e4den, die durch den Inhalt und die Nutzung unserer Website entstehen. Wir garantieren keinen fehlerfreien Betrieb und keine &hellip; Continue reading Disclaimer","og_url":"https:\/\/powerarea.nl\/de\/disclaimer\/","og_site_name":"Powerarea","article_modified_time":"2019-08-08T11:10:52+00:00","twitter_card":"summary_large_image","twitter_misc":{"Gesch\u00e4tzte Lesezeit":"1\u00a0Minute"},"schema":{"@context":"https:\/\/schema.org","@graph":[{"@type":"WebPage","@id":"https:\/\/powerarea.nl\/de\/disclaimer\/","url":"https:\/\/powerarea.nl\/de\/disclaimer\/","name":"Disclaimer | Powerarea","isPartOf":{"@id":"https:\/\/powerarea.nl\/#website"},"datePublished":"2019-08-08T11:10:51+00:00","dateModified":"2019-08-08T11:10:52+00:00","breadcrumb":{"@id":"https:\/\/powerarea.nl\/de\/disclaimer\/#breadcrumb"},"inLanguage":"de","potentialAction":[{"@type":"ReadAction","target":["https:\/\/powerarea.nl\/de\/disclaimer\/"]}]},{"@type":"BreadcrumbList","@id":"https:\/\/powerarea.nl\/de\/disclaimer\/#breadcrumb","itemListElement":[{"@type":"ListItem","position":1,"name":"Home","item":"https:\/\/powerarea.nl\/de\/"},{"@type":"ListItem","position":2,"name":"Disclaimer"}]},{"@type":"WebSite","@id":"https:\/\/powerarea.nl\/#website","url":"https:\/\/powerarea.nl\/","name":"Powerarea","description":"Powerarea","potentialAction":[{"@type":"SearchAction","target":{"@type":"EntryPoint","urlTemplate":"https:\/\/powerarea.nl\/?s={search_term_string}"},"query-input":{"@type":"PropertyValueSpecification","valueRequired":true,"valueName":"search_term_string"}}],"inLanguage":"de"}]}},"_links":{"self":[{"href":"https:\/\/powerarea.nl\/de\/wp-json\/wp\/v2\/pages\/4078"}],"collection":[{"href":"https:\/\/powerarea.nl\/de\/wp-json\/wp\/v2\/pages"}],"about":[{"href":"https:\/\/powerarea.nl\/de\/wp-json\/wp\/v2\/types\/page"}],"author":[{"embeddable":true,"href":"https:\/\/powerarea.nl\/de\/wp-json\/wp\/v2\/users\/3"}],"replies":[{"embeddable":true,"href":"https:\/\/powerarea.nl\/de\/wp-json\/wp\/v2\/comments?post=4078"}],"version-history":[{"count":0,"href":"https:\/\/powerarea.nl\/de\/wp-json\/wp\/v2\/pages\/4078\/revisions"}],"wp:attachment":[{"href":"https:\/\/powerarea.nl\/de\/wp-json\/wp\/v2\/media?parent=4078"}],"wp:term":[{"taxonomy":"category","embeddable":true,"href":"https:\/\/powerarea.nl\/de\/wp-json\/wp\/v2\/categories?post=4078"},{"taxonomy":"post_tag","embeddable":true,"href":"https:\/\/powerarea.nl\/de\/wp-json\/wp\/v2\/tags?post=4078"}],"curies":[{"name":"wp","href":"https:\/\/api.w.org\/{rel}","templated":true}]}}