{"id":4080,"date":"2019-08-08T12:16:11","date_gmt":"2019-08-08T11:16:11","guid":{"rendered":"https:\/\/powerarea.nl\/hausordnung\/"},"modified":"2023-03-27T14:47:45","modified_gmt":"2023-03-27T13:47:45","slug":"hausordnung","status":"publish","type":"page","link":"https:\/\/powerarea.nl\/de\/hausordnung\/","title":{"rendered":"Hausordnung"},"content":{"rendered":"<p>[vc_row][vc_column][vc_empty_space height=&#8220;70px&#8220;][vc_column_text]<\/p>\n<h3>Hausordnung<\/h3>\n<p>Zu Ihrer und unserer Sicherheit wenden wir eine Reihe von Hausregeln an.<\/p>\n<ul>\n<li>Melden Sie sich mindestens 30 Minuten vor Beginn der Aktivit\u00e4t an der Rezeption von Powerarea<\/li>\n<li>Festes und geschlossenes Schuhe sind erforderlich. F\u00fcr das Go-Kart fahren gilt; Kein lose Kleidung und lange Haare kurz fest machen<\/li>\n<li>Das Tragen von Sicherheitsausr\u00fcstung ist w\u00e4hrend der Aktivit\u00e4ten obligatorisch. Wenn Material von Powerarea besch\u00e4digt wird, beh\u00e4lt sich Powerarea das Recht vor, dieses an den Teilnehmer weiterzuleiten<\/li>\n<li>Wenn Sie bemerken, dass die G-Kr\u00e4fte Sie st\u00f6ren, empfehlen wir Ihnen, das go kart fahren einzustellen. Wenn Sie unerwartet zu sp\u00e4t aufh\u00f6ren, muss Powerarea eine Reinigungsgeb\u00fchr erheben.<\/li>\n<li>F\u00fcr das Go-Kart fahren gilt ein Mindestalter von 6 Jahren und eine K\u00f6rpergr\u00f6\u00dfe von 1,20 m. Das Mindestalter f\u00fcr Paintball betr\u00e4gt 18 Jahre<\/li>\n<li>Unsere Mitarbeiter k\u00f6nnen jederzeit einen g\u00fcltigen Ausweis anfordern. Dar\u00fcber hinaus behalten sie sich das Recht vor, Eintrittskarten zu pr\u00fcfen<\/li>\n<li>Es ist strengstens verboten, die Aktivit\u00e4t ohne Erlaubnis oder Aufsicht eines Mitarbeiters und einer g\u00fcltigen Eintrittskarte zu betreten<\/li>\n<li>Jeder Teilnehmer muss sich der mit dem Sport verbundenen Risiken bewusst sein. Dar\u00fcber hinaus sind einige Aktivit\u00e4ten in Powerarea leider nicht f\u00fcr Menschen geeignet, die schwanger sein, oder f\u00fcr Menschen mit gesundheitlichen Problemen, wie z. B. Herzpatienten<\/li>\n<li>Es ist nicht gestattet, Ihre eigenen Speisen und Getr\u00e4nke im Powerarea zu verwenden<\/li>\n<li>Glaswaren sind nur im Gastgewerbe gestattet und d\u00fcrfen nicht zu den Aktivit\u00e4ten mitgenommen werden<\/li>\n<li>In Powerarea gilt ein vollst\u00e4ndiges Rauchverbot. Dies gilt auch f\u00fcr E-Zigaretten<\/li>\n<li>Es ist nicht gestattet, an Aktivit\u00e4ten teilzunehmen, unter dem Einfluss von Alkohol und \/ oder Drogen<\/li>\n<li>Waffen und Drogen sind strengstens verboten<\/li>\n<li>Keine unerw\u00fcnschte Intimit\u00e4t, Aggression, Rassismus oder st\u00f6rendes Verhalten<\/li>\n<li>Kamera\u00fcberwachung ist im und um das Powerarea-Geb\u00e4ude anwesend<\/li>\n<li>Powerarea ist nicht verantwortlich f\u00fcr Ihr Eigentum<\/li>\n<li>Innerhalb von Powerarea k\u00f6nnen Foto-, Video- und Audioaufnahmen durch Powerarea oder Dritten aus Sicherheitsgr\u00fcnden und f\u00fcr Marketing gemacht werden<\/li>\n<li>F\u00fcr jede Aktivit\u00e4t erkl\u00e4ren unsere Mitarbeiter eine Reihe von Hausregeln. Befolgen Sie die Anweisungen des Personals. Die Nichtbeachtung der Regeln und wiederholtes Fehlverhalten kann dazu f\u00fchren, dass der Zugang zu Powerarea verweigert wird. Ohne R\u00fcckerstattung des Geldbetrags.<\/li>\n<\/ul>\n<p>[\/vc_column_text][vc_empty_space height=&#8220;70px&#8220;][\/vc_column][\/vc_row]<\/p>\n","protected":false},"excerpt":{"rendered":"[vc_row][vc_column][vc_empty_space height=&#8220;70px&#8220;][vc_column_text] Hausordnung Zu Ihrer und unserer Sicherheit wenden wir eine Reihe von Hausregeln an. Melden Sie sich mindestens 30 Minuten vor Beginn der Aktivit\u00e4t an der Rezeption von Powerarea Festes und geschlossenes Schuhe sind erforderlich. F\u00fcr das Go-Kart fahren gilt; Kein lose Kleidung und lange Haare kurz fest machen Das Tragen von Sicherheitsausr\u00fcstung ist &hellip; <a href=\"https:\/\/powerarea.nl\/de\/hausordnung\/\" class=\"more-link\">Continue reading <span class=\"screen-reader-text\">Hausordnung<\/span><\/a>","protected":false},"author":3,"featured_media":0,"parent":0,"menu_order":0,"comment_status":"closed","ping_status":"closed","template":"","meta":{"_monsterinsights_skip_tracking":false,"_monsterinsights_sitenote_active":false,"_monsterinsights_sitenote_note":"","_monsterinsights_sitenote_category":0,"footnotes":""},"categories":[],"tags":[],"class_list":["post-4080","page","type-page","status-publish","hentry"],"yoast_head":"<!-- This site is optimized with the Yoast SEO plugin v23.5 - https:\/\/yoast.com\/wordpress\/plugins\/seo\/ -->\n<title>Hausordnung | Powerarea Vaals<\/title>\n<meta name=\"description\" content=\"Besuchen Sie einen unserer Escape Rooms? Oder kommst du zum Paintball oder zum Kart fahren? Sehen Sie hier die Hausordnung von Powerarea in Vaals\" \/>\n<meta name=\"robots\" content=\"index, follow, max-snippet:-1, max-image-preview:large, max-video-preview:-1\" \/>\n<link rel=\"canonical\" href=\"https:\/\/powerarea.nl\/de\/hausordnung\/\" \/>\n<meta property=\"og:locale\" content=\"de_DE\" \/>\n<meta property=\"og:type\" content=\"article\" \/>\n<meta property=\"og:title\" content=\"Hausordnung | Powerarea Vaals\" \/>\n<meta property=\"og:description\" content=\"Besuchen Sie einen unserer Escape Rooms? Oder kommst du zum Paintball oder zum Kart fahren? Sehen Sie hier die Hausordnung von Powerarea in Vaals\" \/>\n<meta property=\"og:url\" content=\"https:\/\/powerarea.nl\/de\/hausordnung\/\" \/>\n<meta property=\"og:site_name\" content=\"Powerarea\" \/>\n<meta property=\"article:modified_time\" content=\"2023-03-27T13:47:45+00:00\" \/>\n<meta name=\"twitter:card\" content=\"summary_large_image\" \/>\n<meta name=\"twitter:label1\" content=\"Gesch\u00e4tzte Lesezeit\" \/>\n\t<meta name=\"twitter:data1\" content=\"2\u00a0Minuten\" \/>\n<script type=\"application\/ld+json\" class=\"yoast-schema-graph\">{\"@context\":\"https:\/\/schema.org\",\"@graph\":[{\"@type\":\"WebPage\",\"@id\":\"https:\/\/powerarea.nl\/de\/hausordnung\/\",\"url\":\"https:\/\/powerarea.nl\/de\/hausordnung\/\",\"name\":\"Hausordnung | Powerarea Vaals\",\"isPartOf\":{\"@id\":\"https:\/\/powerarea.nl\/#website\"},\"datePublished\":\"2019-08-08T11:16:11+00:00\",\"dateModified\":\"2023-03-27T13:47:45+00:00\",\"description\":\"Besuchen Sie einen unserer Escape Rooms? Oder kommst du zum Paintball oder zum Kart fahren? Sehen Sie hier die Hausordnung von Powerarea in Vaals\",\"breadcrumb\":{\"@id\":\"https:\/\/powerarea.nl\/de\/hausordnung\/#breadcrumb\"},\"inLanguage\":\"de\",\"potentialAction\":[{\"@type\":\"ReadAction\",\"target\":[\"https:\/\/powerarea.nl\/de\/hausordnung\/\"]}]},{\"@type\":\"BreadcrumbList\",\"@id\":\"https:\/\/powerarea.nl\/de\/hausordnung\/#breadcrumb\",\"itemListElement\":[{\"@type\":\"ListItem\",\"position\":1,\"name\":\"Home\",\"item\":\"https:\/\/powerarea.nl\/de\/\"},{\"@type\":\"ListItem\",\"position\":2,\"name\":\"Hausordnung\"}]},{\"@type\":\"WebSite\",\"@id\":\"https:\/\/powerarea.nl\/#website\",\"url\":\"https:\/\/powerarea.nl\/\",\"name\":\"Powerarea\",\"description\":\"Powerarea\",\"potentialAction\":[{\"@type\":\"SearchAction\",\"target\":{\"@type\":\"EntryPoint\",\"urlTemplate\":\"https:\/\/powerarea.nl\/?s={search_term_string}\"},\"query-input\":{\"@type\":\"PropertyValueSpecification\",\"valueRequired\":true,\"valueName\":\"search_term_string\"}}],\"inLanguage\":\"de\"}]}<\/script>\n<!-- \/ Yoast SEO plugin. -->","yoast_head_json":{"title":"Hausordnung | Powerarea Vaals","description":"Besuchen Sie einen unserer Escape Rooms? Oder kommst du zum Paintball oder zum Kart fahren? Sehen Sie hier die Hausordnung von Powerarea in Vaals","robots":{"index":"index","follow":"follow","max-snippet":"max-snippet:-1","max-image-preview":"max-image-preview:large","max-video-preview":"max-video-preview:-1"},"canonical":"https:\/\/powerarea.nl\/de\/hausordnung\/","og_locale":"de_DE","og_type":"article","og_title":"Hausordnung | Powerarea Vaals","og_description":"Besuchen Sie einen unserer Escape Rooms? Oder kommst du zum Paintball oder zum Kart fahren? Sehen Sie hier die Hausordnung von Powerarea in Vaals","og_url":"https:\/\/powerarea.nl\/de\/hausordnung\/","og_site_name":"Powerarea","article_modified_time":"2023-03-27T13:47:45+00:00","twitter_card":"summary_large_image","twitter_misc":{"Gesch\u00e4tzte Lesezeit":"2\u00a0Minuten"},"schema":{"@context":"https:\/\/schema.org","@graph":[{"@type":"WebPage","@id":"https:\/\/powerarea.nl\/de\/hausordnung\/","url":"https:\/\/powerarea.nl\/de\/hausordnung\/","name":"Hausordnung | Powerarea Vaals","isPartOf":{"@id":"https:\/\/powerarea.nl\/#website"},"datePublished":"2019-08-08T11:16:11+00:00","dateModified":"2023-03-27T13:47:45+00:00","description":"Besuchen Sie einen unserer Escape Rooms? Oder kommst du zum Paintball oder zum Kart fahren? Sehen Sie hier die Hausordnung von Powerarea in Vaals","breadcrumb":{"@id":"https:\/\/powerarea.nl\/de\/hausordnung\/#breadcrumb"},"inLanguage":"de","potentialAction":[{"@type":"ReadAction","target":["https:\/\/powerarea.nl\/de\/hausordnung\/"]}]},{"@type":"BreadcrumbList","@id":"https:\/\/powerarea.nl\/de\/hausordnung\/#breadcrumb","itemListElement":[{"@type":"ListItem","position":1,"name":"Home","item":"https:\/\/powerarea.nl\/de\/"},{"@type":"ListItem","position":2,"name":"Hausordnung"}]},{"@type":"WebSite","@id":"https:\/\/powerarea.nl\/#website","url":"https:\/\/powerarea.nl\/","name":"Powerarea","description":"Powerarea","potentialAction":[{"@type":"SearchAction","target":{"@type":"EntryPoint","urlTemplate":"https:\/\/powerarea.nl\/?s={search_term_string}"},"query-input":{"@type":"PropertyValueSpecification","valueRequired":true,"valueName":"search_term_string"}}],"inLanguage":"de"}]}},"_links":{"self":[{"href":"https:\/\/powerarea.nl\/de\/wp-json\/wp\/v2\/pages\/4080"}],"collection":[{"href":"https:\/\/powerarea.nl\/de\/wp-json\/wp\/v2\/pages"}],"about":[{"href":"https:\/\/powerarea.nl\/de\/wp-json\/wp\/v2\/types\/page"}],"author":[{"embeddable":true,"href":"https:\/\/powerarea.nl\/de\/wp-json\/wp\/v2\/users\/3"}],"replies":[{"embeddable":true,"href":"https:\/\/powerarea.nl\/de\/wp-json\/wp\/v2\/comments?post=4080"}],"version-history":[{"count":0,"href":"https:\/\/powerarea.nl\/de\/wp-json\/wp\/v2\/pages\/4080\/revisions"}],"wp:attachment":[{"href":"https:\/\/powerarea.nl\/de\/wp-json\/wp\/v2\/media?parent=4080"}],"wp:term":[{"taxonomy":"category","embeddable":true,"href":"https:\/\/powerarea.nl\/de\/wp-json\/wp\/v2\/categories?post=4080"},{"taxonomy":"post_tag","embeddable":true,"href":"https:\/\/powerarea.nl\/de\/wp-json\/wp\/v2\/tags?post=4080"}],"curies":[{"name":"wp","href":"https:\/\/api.w.org\/{rel}","templated":true}]}}