{"id":4093,"date":"2019-08-08T13:03:35","date_gmt":"2019-08-08T12:03:35","guid":{"rendered":"https:\/\/powerarea.nl\/vip-member\/"},"modified":"2023-03-27T14:23:05","modified_gmt":"2023-03-27T13:23:05","slug":"vip-member","status":"publish","type":"page","link":"https:\/\/powerarea.nl\/de\/vip-member\/","title":{"rendered":"VIP-Member"},"content":{"rendered":"[vc_row][vc_column][vc_empty_space height=&#8220;70px&#8220;][vc_row_inner][vc_column_inner width=&#8220;1\/2&#8243;]<div class=\"tm-element-heading-wrapper tm-heading-inner tm-element-align-left tm-seperator-none tm-heading-style-vertical \"><section class=\"tm-vc_cta3-container\"><div class=\"tm-vc_general tm-vc_cta3 tm-cta3-only tm-vc_cta3-style-classic tm-vc_cta3-shape-rounded tm-vc_cta3-align-left tm-vc_cta3-color-transparent tm-vc_cta3-icon-size-md tm-vc_cta3-actions-no tm-cta3-with-desc\"><div class=\"tm-vc_cta3_content-container\"><div class=\"tm-vc_cta3-content\"><header class=\"tm-vc_cta3-content-header tm-wrap\"><div class=\"tm-vc_cta3-headers tm-wrap-cell\"><h4 class=\"tm-custom-heading \" >JOIN THE CLUB!<\/h4>\n<h2 class=\"tm-custom-heading \" >WERDEN SIE VIP-MITGLIED?<\/h2>\n<\/div><\/header><div class=\"tm-cta3-content-wrapper\">Als \u201aVery Important Powerarea\u2018-Mitglied Profitieren Sie von tollen Extras! Sind Sie ein echter Go-Kart-Fan und regelm\u00e4\u00dfig auf unserer Go-Kart-Strecke anzutreffen? Dann k\u00f6nnte unsere VIP-Mitgliedschaft etwas f\u00fcr Sie sein!<\/div><\/div><\/div><\/div><\/section><\/div> <!-- .tm-element-heading-wrapper container --> <ul class=\"tm-list tm-list-style-icon tm-list-icon-color-skincolor tm- tm-icon-skincolor tm-list-textsize- tm-list-icon-library-fontawesome\"><li><i class=\"tm-skincolor fa fa-caret-right\"><\/i>  <span class=\"tm-list-li-content\">jede 6. session frei<\/span><\/li><li><i class=\"tm-skincolor fa fa-caret-right\"><\/i>  <span class=\"tm-list-li-content\">Ein Gratis session Kartfahren f\u00fcr Ihren Geburtstag<\/span><\/li><li><i class=\"tm-skincolor fa fa-caret-right\"><\/i>  <span class=\"tm-list-li-content\">Die M\u00f6glichkeit, eine Mehr Fahrten-karte zu kaufen (kartfahren)<\/span><\/li><li><i class=\"tm-skincolor fa fa-caret-right\"><\/i>  <span class=\"tm-list-li-content\">Zugang zur Powerarea App und damit Zugang zu Ihren pers\u00f6nlichen Rennergebnissen und Ihrer Mitgliedskarte immer zur Hand<\/span><\/li><\/ul>[\/vc_column_inner][vc_column_inner width=&#8220;1\/2&#8243;][vc_gallery interval=&#8220;3&#8243; images=&#8220;16772,16748,15731,15743,15746&#8243; img_size=&#8220;large&#8220;][\/vc_column_inner][\/vc_row_inner][vc_empty_space height=&#8220;70px&#8220;][\/vc_column][\/vc_row][vc_row tm_bgimagefixed=&#8220;&#8220; full_width=&#8220;stretch_row&#8220; css=&#8220;.vc_custom_1679922880444{background-color: #efefef !important;}&#8220;][vc_column][vc_empty_space height=&#8220;70px&#8220;]<div class=\"templatera_shortcode\">\n\n\n\n<div class=\"tm-row wpb_row vc_row-fluid tm-zindex-0 vc_row container tm-bgimage-position-center_center\">\n\n\t\t\n\t\t\n\t\t\n\n<div class=\"wpb_column tm-column vc_column_container vc_col-sm-12 tm-zindex-0\">\n\t<div class=\"vc_column-inner  \">\n\t\t\t\t<div class=\"wpb_wrapper\">\n\t\t\t<div class=\"tm-element-heading-wrapper tm-heading-inner tm-element-align-center tm-seperator-solid tm-heading-style-vertical \"><section class=\"tm-vc_cta3-container\"><div class=\"tm-vc_general tm-vc_cta3 tm-cta3-only tm-vc_cta3-style-classic tm-vc_cta3-shape-rounded tm-vc_cta3-align-center tm-vc_cta3-color-transparent tm-vc_cta3-icon-size-md tm-vc_cta3-actions-no tm-cta3-without-desc\"><div class=\"tm-vc_cta3_content-container\"><div class=\"tm-vc_cta3-content\"><header class=\"tm-vc_cta3-content-header tm-wrap\"><div class=\"tm-vc_cta3-headers tm-wrap-cell\"><h4 class=\"tm-custom-heading \" >READY, SET...GO!<\/h4>\n<h2 class=\"tm-custom-heading \" >Pakete<\/h2>\n<\/div><\/header><\/div><\/div><\/div><\/section><\/div> <!-- .tm-element-heading-wrapper container --> \t\t<\/div>\n\t<\/div>\n<\/div>\n\n\n\n\t\t\n\t<\/div>\n\n\n\n\n\n\n\n<\/div><div class=\"templatera_shortcode\">\n\n\n\n<div class=\"tm-row wpb_row vc_row-fluid tm-zindex-0 vc_row container tm-bgimage-position-center_center\">\n\n\t\t\n\t\t\n\t\t\n\n<div class=\"wpb_column tm-column vc_column_container vc_col-sm-12 tm-zindex-0\">\n\t<div class=\"vc_column-inner  \">\n\t\t\t\t<div class=\"wpb_wrapper\">\n\t\t\t\n\t<div class=\"wpb_raw_code wpb_content_element wpb_raw_html\" >\n\t\t<div class=\"wpb_wrapper\">\n\t\t\t<div style=\"display: flex;\" class=\"activiteitenbox-ticket activiteitenbox-ticket-horizontal horizontal-container\">\n  <div style=\"flex: 1;\">\n    <img decoding=\"async\" src=\"\/wp-content\/uploads\/2022\/09\/pa-grandprix-2022-v1.png\" class=\"activiteitenbox-ticket-img-horizontal\">\n<\/div>\n\n  <div style=\"flex: 2; text-align: left; padding: 10px 15px 10px 15px;\">\n<div class=\"activiteitenbox-ticket-subheader\">JOIN THE CLUB<\/div>\n<div class=\"activiteitenbox-ticket-title-horizontal\">VIP-MEMBERSHIP<\/div>\n<p id=\"text-activiteitenbox\">Sind Sie ein echter Go-Kart-Fan und regelm\u00e4\u00dfig auf unserer Go-Kart-Strecke anzutreffen? Dann k\u00f6nnte unsere VIP-Mitgliedschaft etwas f\u00fcr Sie sein! <a id=\"pointer\" href=\"https:\/\/powerarea.nl\/de\/vip-member\/\">Mehr lesen \u2192<\/a>\n<\/p>\n<\/div>\n  <div style=\"flex: 1; text-align: right; padding: 0px 15px 10px 15px;\">\n<div class=\"activiteitenbox-ticket-prijs\">19,50\u20ac<\/div>\n<div class=\"activiteitenbox-ticket-prijs-toelichting\"><i>pro Person\/pro Jahre<\/i><\/div>\n    <a href=\"https:\/\/powerarea.nl\/de\/vip-member\/\"><div class=\"activiteitenbox-ticket-button-horizontal\">Mehr lesen<\/div><\/a>\n<\/div>\n<\/div>\n\n\n\t\t<\/div>\n\t<\/div>\n\t\t<\/div>\n\t<\/div>\n<\/div>\n\n\n\n\t\t\n\t<\/div>\n\n\n\n\n\n\n\n<\/div>[vc_empty_space height=&#8220;70px&#8220;][\/vc_column][\/vc_row][vc_row][vc_column][vc_empty_space height=&#8220;70px&#8220;]<h5 style=\"text-align:left;\" class=\"tm-custom-heading \" >BEDINGUNGEN<\/h5>\n<ul class=\"tm-list tm-list-style-icon tm-list-icon-color-skincolor tm- tm-icon-skincolor tm-list-textsize- tm-list-icon-library-fontawesome\"><li><i class=\"tm-skincolor fa fa-caret-right\"><\/i>  <span class=\"tm-list-li-content\">Im Preis der VIP-Mitgliedschaft sind die Kosten f\u00fcr die Aktivit\u00e4ten nicht enthalten<\/span><\/li><li><i class=\"tm-skincolor fa fa-caret-right\"><\/i>  <span class=\"tm-list-li-content\">Die VIP-Mitgliedschaft ist f\u00fcr 1 Jahr g\u00fcltig und wird nicht automatisch erneuert. Nach einem Jahr entscheiden Sie, ob Sie Ihre VIP-Mitgliedschaft erneuern m\u00f6chten.<\/span><\/li><li><i class=\"tm-skincolor fa fa-caret-right\"><\/i>  <span class=\"tm-list-li-content\">Die VIP-Mitgliedschaft und die mehr Fahrenkarten sind pers\u00f6nlich und nicht \u00fcbertragbar<\/span><\/li><li><i class=\"tm-skincolor fa fa-caret-right\"><\/i>  <span class=\"tm-list-li-content\">Keine credit bei der Nutzung von Werbeaktionen wie unbegrenztes karting, 3-f\u00fcr-2-karting und Werbeaktionen \u00fcber externe Partner<\/span><\/li><li><i class=\"tm-skincolor fa fa-caret-right\"><\/i>  <span class=\"tm-list-li-content\">Keine bahn-exklusivit\u00e4t<\/span><\/li><li><i class=\"tm-skincolor fa fa-caret-right\"><\/i>  <span class=\"tm-list-li-content\">Der Geburtstag heat k\u00f6nnen Sie von 2 Wochen vor dem Geburtstag bis 2 Wochen nach dem Geburtstag einl\u00f6sen<\/span><\/li><li><i class=\"tm-skincolor fa fa-caret-right\"><\/i>  <span class=\"tm-list-li-content\">Der Wert der Aktion wird nicht in bar ausgezahlt<\/span><\/li><li><i class=\"tm-skincolor fa fa-caret-right\"><\/i>  <span class=\"tm-list-li-content\">F\u00fcr bereits gekaufte Aktivit\u00e4ten ist keine R\u00fcckerstattung m\u00f6glich<\/span><\/li><li><i class=\"tm-skincolor fa fa-caret-right\"><\/i>  <span class=\"tm-list-li-content\">Teilnehmer, die die Aktion nachweislich missbrauchen oder die Bedingungen nicht erf\u00fcllen oder betr\u00fcgerisch erscheinen, k\u00f6nnen ausgeschlossen werden<\/span><\/li><li><i class=\"tm-skincolor fa fa-caret-right\"><\/i>  <span class=\"tm-list-li-content\">Powerarea haften nicht f\u00fcr Preis und Tippfehler<\/span><\/li><li><i class=\"tm-skincolor fa fa-caret-right\"><\/i>  <span class=\"tm-list-li-content\">Powerarea beh\u00e4lt sich das Recht vor, die Aktionsbedingungen zu \u00e4ndern und \/ oder vorzeitig zu beenden. Dies wird auf diese Seite bekannt gegeben<\/span><\/li><li><i class=\"tm-skincolor fa fa-caret-right\"><\/i>  <span class=\"tm-list-li-content\">F\u00fcr alle Aktivit\u00e4ten gelten unsere Allgemeinen Gesch\u00e4ftsbedingungen und Hausordnung. In F\u00e4llen, die nicht unter diese Bedingungen fallen, wird eine Entscheidung f\u00fcr Powerarea B.V.<\/span><\/li><\/ul>[vc_empty_space height=&#8220;70px&#8220;][\/vc_column][\/vc_row]","protected":false},"excerpt":{"rendered":"JOIN THE CLUB! WERDEN SIE VIP-MITGLIED? Als \u201aVery Important Powerarea\u2018-Mitglied Profitieren Sie von tollen Extras! Sind Sie ein echter Go-Kart-Fan und regelm\u00e4\u00dfig auf unserer Go-Kart-Strecke anzutreffen? Dann k\u00f6nnte unsere VIP-Mitgliedschaft etwas f\u00fcr Sie sein! jede 6. session frei Ein Gratis session Kartfahren f\u00fcr Ihren Geburtstag Die M\u00f6glichkeit, eine Mehr Fahrten-karte zu kaufen (kartfahren) Zugang zur &hellip; <a href=\"https:\/\/powerarea.nl\/de\/vip-member\/\" class=\"more-link\">Continue reading <span class=\"screen-reader-text\">VIP-Member<\/span><\/a>","protected":false},"author":3,"featured_media":0,"parent":0,"menu_order":0,"comment_status":"closed","ping_status":"closed","template":"","meta":{"_monsterinsights_skip_tracking":false,"_monsterinsights_sitenote_active":false,"_monsterinsights_sitenote_note":"","_monsterinsights_sitenote_category":0,"footnotes":""},"categories":[],"tags":[],"class_list":["post-4093","page","type-page","status-publish","hentry"],"yoast_head":"<!-- This site is optimized with the Yoast SEO plugin v23.5 - https:\/\/yoast.com\/wordpress\/plugins\/seo\/ -->\n<title>VIP-Member - Powerarea Vaals | Profitieren Sie von tollen Extras<\/title>\n<meta name=\"description\" content=\"Sind Sie ein echter Go-Kart-Fan und regelm\u00e4\u00dfig auf unserer Go-Kart-Strecke anzutreffen? Dann k\u00f6nnte unsere VIP-Mitgliedschaft etwas f\u00fcr Sie sein!\" \/>\n<meta name=\"robots\" content=\"index, follow, max-snippet:-1, max-image-preview:large, max-video-preview:-1\" \/>\n<link rel=\"canonical\" href=\"https:\/\/powerarea.nl\/de\/vip-member\/\" \/>\n<meta property=\"og:locale\" content=\"de_DE\" \/>\n<meta property=\"og:type\" content=\"article\" \/>\n<meta property=\"og:title\" content=\"VIP-Member - Powerarea Vaals | Profitieren Sie von tollen Extras\" \/>\n<meta property=\"og:description\" content=\"Sind Sie ein echter Go-Kart-Fan und regelm\u00e4\u00dfig auf unserer Go-Kart-Strecke anzutreffen? Dann k\u00f6nnte unsere VIP-Mitgliedschaft etwas f\u00fcr Sie sein!\" \/>\n<meta property=\"og:url\" content=\"https:\/\/powerarea.nl\/de\/vip-member\/\" \/>\n<meta property=\"og:site_name\" content=\"Powerarea\" \/>\n<meta property=\"article:modified_time\" content=\"2023-03-27T13:23:05+00:00\" \/>\n<meta name=\"twitter:card\" content=\"summary_large_image\" \/>\n<meta name=\"twitter:label1\" content=\"Gesch\u00e4tzte Lesezeit\" \/>\n\t<meta name=\"twitter:data1\" content=\"2\u00a0Minuten\" \/>\n<script type=\"application\/ld+json\" class=\"yoast-schema-graph\">{\"@context\":\"https:\/\/schema.org\",\"@graph\":[{\"@type\":\"WebPage\",\"@id\":\"https:\/\/powerarea.nl\/de\/vip-member\/\",\"url\":\"https:\/\/powerarea.nl\/de\/vip-member\/\",\"name\":\"VIP-Member - Powerarea Vaals | Profitieren Sie von tollen Extras\",\"isPartOf\":{\"@id\":\"https:\/\/powerarea.nl\/#website\"},\"datePublished\":\"2019-08-08T12:03:35+00:00\",\"dateModified\":\"2023-03-27T13:23:05+00:00\",\"description\":\"Sind Sie ein echter Go-Kart-Fan und regelm\u00e4\u00dfig auf unserer Go-Kart-Strecke anzutreffen? Dann k\u00f6nnte unsere VIP-Mitgliedschaft etwas f\u00fcr Sie sein!\",\"breadcrumb\":{\"@id\":\"https:\/\/powerarea.nl\/de\/vip-member\/#breadcrumb\"},\"inLanguage\":\"de\",\"potentialAction\":[{\"@type\":\"ReadAction\",\"target\":[\"https:\/\/powerarea.nl\/de\/vip-member\/\"]}]},{\"@type\":\"BreadcrumbList\",\"@id\":\"https:\/\/powerarea.nl\/de\/vip-member\/#breadcrumb\",\"itemListElement\":[{\"@type\":\"ListItem\",\"position\":1,\"name\":\"Home\",\"item\":\"https:\/\/powerarea.nl\/de\/\"},{\"@type\":\"ListItem\",\"position\":2,\"name\":\"VIP-Member\"}]},{\"@type\":\"WebSite\",\"@id\":\"https:\/\/powerarea.nl\/#website\",\"url\":\"https:\/\/powerarea.nl\/\",\"name\":\"Powerarea\",\"description\":\"Powerarea\",\"potentialAction\":[{\"@type\":\"SearchAction\",\"target\":{\"@type\":\"EntryPoint\",\"urlTemplate\":\"https:\/\/powerarea.nl\/?s={search_term_string}\"},\"query-input\":{\"@type\":\"PropertyValueSpecification\",\"valueRequired\":true,\"valueName\":\"search_term_string\"}}],\"inLanguage\":\"de\"}]}<\/script>\n<!-- \/ Yoast SEO plugin. -->","yoast_head_json":{"title":"VIP-Member - Powerarea Vaals | Profitieren Sie von tollen Extras","description":"Sind Sie ein echter Go-Kart-Fan und regelm\u00e4\u00dfig auf unserer Go-Kart-Strecke anzutreffen? Dann k\u00f6nnte unsere VIP-Mitgliedschaft etwas f\u00fcr Sie sein!","robots":{"index":"index","follow":"follow","max-snippet":"max-snippet:-1","max-image-preview":"max-image-preview:large","max-video-preview":"max-video-preview:-1"},"canonical":"https:\/\/powerarea.nl\/de\/vip-member\/","og_locale":"de_DE","og_type":"article","og_title":"VIP-Member - Powerarea Vaals | Profitieren Sie von tollen Extras","og_description":"Sind Sie ein echter Go-Kart-Fan und regelm\u00e4\u00dfig auf unserer Go-Kart-Strecke anzutreffen? Dann k\u00f6nnte unsere VIP-Mitgliedschaft etwas f\u00fcr Sie sein!","og_url":"https:\/\/powerarea.nl\/de\/vip-member\/","og_site_name":"Powerarea","article_modified_time":"2023-03-27T13:23:05+00:00","twitter_card":"summary_large_image","twitter_misc":{"Gesch\u00e4tzte Lesezeit":"2\u00a0Minuten"},"schema":{"@context":"https:\/\/schema.org","@graph":[{"@type":"WebPage","@id":"https:\/\/powerarea.nl\/de\/vip-member\/","url":"https:\/\/powerarea.nl\/de\/vip-member\/","name":"VIP-Member - Powerarea Vaals | Profitieren Sie von tollen Extras","isPartOf":{"@id":"https:\/\/powerarea.nl\/#website"},"datePublished":"2019-08-08T12:03:35+00:00","dateModified":"2023-03-27T13:23:05+00:00","description":"Sind Sie ein echter Go-Kart-Fan und regelm\u00e4\u00dfig auf unserer Go-Kart-Strecke anzutreffen? Dann k\u00f6nnte unsere VIP-Mitgliedschaft etwas f\u00fcr Sie sein!","breadcrumb":{"@id":"https:\/\/powerarea.nl\/de\/vip-member\/#breadcrumb"},"inLanguage":"de","potentialAction":[{"@type":"ReadAction","target":["https:\/\/powerarea.nl\/de\/vip-member\/"]}]},{"@type":"BreadcrumbList","@id":"https:\/\/powerarea.nl\/de\/vip-member\/#breadcrumb","itemListElement":[{"@type":"ListItem","position":1,"name":"Home","item":"https:\/\/powerarea.nl\/de\/"},{"@type":"ListItem","position":2,"name":"VIP-Member"}]},{"@type":"WebSite","@id":"https:\/\/powerarea.nl\/#website","url":"https:\/\/powerarea.nl\/","name":"Powerarea","description":"Powerarea","potentialAction":[{"@type":"SearchAction","target":{"@type":"EntryPoint","urlTemplate":"https:\/\/powerarea.nl\/?s={search_term_string}"},"query-input":{"@type":"PropertyValueSpecification","valueRequired":true,"valueName":"search_term_string"}}],"inLanguage":"de"}]}},"_links":{"self":[{"href":"https:\/\/powerarea.nl\/de\/wp-json\/wp\/v2\/pages\/4093"}],"collection":[{"href":"https:\/\/powerarea.nl\/de\/wp-json\/wp\/v2\/pages"}],"about":[{"href":"https:\/\/powerarea.nl\/de\/wp-json\/wp\/v2\/types\/page"}],"author":[{"embeddable":true,"href":"https:\/\/powerarea.nl\/de\/wp-json\/wp\/v2\/users\/3"}],"replies":[{"embeddable":true,"href":"https:\/\/powerarea.nl\/de\/wp-json\/wp\/v2\/comments?post=4093"}],"version-history":[{"count":0,"href":"https:\/\/powerarea.nl\/de\/wp-json\/wp\/v2\/pages\/4093\/revisions"}],"wp:attachment":[{"href":"https:\/\/powerarea.nl\/de\/wp-json\/wp\/v2\/media?parent=4093"}],"wp:term":[{"taxonomy":"category","embeddable":true,"href":"https:\/\/powerarea.nl\/de\/wp-json\/wp\/v2\/categories?post=4093"},{"taxonomy":"post_tag","embeddable":true,"href":"https:\/\/powerarea.nl\/de\/wp-json\/wp\/v2\/tags?post=4093"}],"curies":[{"name":"wp","href":"https:\/\/api.w.org\/{rel}","templated":true}]}}