{"id":4094,"date":"2019-08-08T13:06:01","date_gmt":"2019-08-08T12:06:01","guid":{"rendered":"https:\/\/powerarea.nl\/kontakt\/"},"modified":"2023-03-30T10:29:46","modified_gmt":"2023-03-30T09:29:46","slug":"kontakt","status":"publish","type":"page","link":"https:\/\/powerarea.nl\/de\/kontakt\/","title":{"rendered":"Kontakt"},"content":{"rendered":"[vc_row tm_bgimagefixed=&#8220;&#8220; full_width=&#8220;stretch_row&#8220; css=&#8220;.vc_custom_1559724580721{padding-top: 110px !important;padding-bottom: 0px !important;}&#8220; tm_responsive_css=&#8220;99246857|colbreak_no|||||||||colbreak_no|||||25px||||colbreak_no||||||||||colbreak_no|||||||||&#8220;][vc_column tm_zindex=&#8220;1&#8243;][vc_gmaps link=&#8220;#E-8_JTNDaWZyYW1lJTIwc3JjJTNEJTIyaHR0cHMlM0ElMkYlMkZ3d3cuZ29vZ2xlLmNvbSUyRm1hcHMlMkZlbWJlZCUzRnBiJTNEJTIxMW0xOCUyMTFtMTIlMjExbTMlMjExZDEwMDg4LjU2NjE5MjI2MjIyJTIxMmQ1Ljk3NTU2NTE2ODM4NzE4NiUyMTNkNTAuNzkxNDg1Mjc5NTIzODU1JTIxMm0zJTIxMWYwJTIxMmYwJTIxM2YwJTIxM20yJTIxMWkxMDI0JTIxMmk3NjglMjE0ZjEzLjElMjEzbTMlMjExbTIlMjExczB4NDdjMDk3MjM1OTA1ZjVhZiUyNTNBMHg1NzJjOTY1MTUzNzU3M2I1JTIxMnNNYW1lbGlzJTJCMSUyNTJDJTJCNjI5NSUyQk5BJTJCTGVtaWVycyUyMTVlMCUyMTNtMiUyMTFzbmwlMjEyc25sJTIxNHYxNTYyOTYyNzU3NDEyJTIxNW0yJTIxMXNubCUyMTJzbmwlMjIlMjB3aWR0aCUzRCUyMjYzMCUyMiUyMGhlaWdodCUzRCUyMjUwMCUyMiUyMGZyYW1lYm9yZGVyJTNEJTIyMCUyMiUyMHN0eWxlJTNEJTIyYm9yZGVyJTNBMCUyMiUyMGFsbG93ZnVsbHNjcmVlbiUzRSUzQyUyRmlmcmFtZSUzRQ==&#8220; css=&#8220;.vc_custom_1562962775303{margin-bottom: 0px !important;}&#8220;][\/vc_column][\/vc_row][vc_row tm_bgimagefixed=&#8220;&#8220; break_in_responsive=&#8220;991&#8243; full_width=&#8220;stretch_row&#8220; css=&#8220;.vc_custom_1565177979931{padding-top: 0px !important;padding-bottom: 100px !important;}&#8220; tm_responsive_css=&#8220;48313131|colbreak_no|||||||||colbreak_no|||||||0px||colbreak_no||||||||||colbreak_no|||||||||&#8220; el_id=&#8220;contactformulier&#8220;][vc_column width=&#8220;1\/2&#8243; css=&#8220;.vc_custom_1559724652003{padding-top: 45px !important;}&#8220; el_class=&#8220;tm-contact-iconbox&#8220; tm_responsive_css=&#8220;34715746|colbreak_no|||||||||colbreak_no|||||30px||10px||colbreak_no||||||||||colbreak_no|||||||||&#8220;]<h2 style=\"text-align:left;font-size:30px;line-height:40px;\" class=\"tm-custom-heading \" >Kontaktinformationen<\/h2>\n[vc_column_text]<span style=\"font-weight: 400;\">M\u00f6chten Sie die Optionen f\u00fcr eine Firmenfeier besprechen? Haben Sie eine\r\nFrage oder m\u00f6chten Sie reservieren? Hier finden Sie alle Informationen,\r\n<\/span><span style=\"font-weight: 400;\">die Ihnen weiterhelfen! <\/span>[\/vc_column_text]<div class=\"tm-sbox tm-sbox-iconalign-before-heading none tm-sbox-bgcolor-transparent tm-bgcolor-transparent tm-sbox-textcolor- tm-textcolor- tm-sbox-isize-xs tm-sbox-isize-xs tm-sbox-istyle-none vc_custom_1565352977101 tm-sbox-heading-only ttm-iconbox-heading-margin\"><section class=\"tm-vc_cta3-container\"><div class=\"tm-vc_general tm-vc_cta3 tm-vc_cta3-align-left tm-vc_cta3-icon-size-xs tm-vc_cta3-icons-beforeheading tm-vc_cta3-actions-no\"><div class=\"tm-vc_cta3_content-container\"><div class=\"tm-vc_cta3-content\"><div class=\"tm-vc_cta3-content-header tm-wrap\"><div class=\"tm-vc_cta3-icons tm-wrap-cell\"><div class=\"tm-vc_icon_element tm-vc_icon_element-outer tm-vc_icon_element-align-left \"><div class=\"tm-vc_icon_element-inner  tm-vc_icon_element-color-skincolor tm-vc_icon_element-size-xs tm-vc_icon_element-style-none tm-vc_icon_element-background-color-grey\" ><span class=\"tm-vc_icon_element-icon fa fa-map-marker\" ><\/span><\/div><\/div><\/div><div class=\"tm-vc_cta3-headers tm-wrap-cell\"><h2 style=\"font-size:18px;line-height:24px;\" class=\"tm-custom-heading \" >Besuchen Sie uns<\/h2>\n<\/div><\/div><\/div><div class=\"tm-cta3-desc-btn-wrapper\"><div class=\"tm-cta3-description\"><div class=\"tm-cta3-content-wrapper\">Mamelis 1\r\n6295 NA Lemiers (NL)<\/div><\/div><\/div><\/div><\/div><\/section><\/div>[vc_separator align=&#8220;align_left&#8220; el_width=&#8220;70&#8243; css=&#8220;.vc_custom_1555308370440{margin-bottom: 10px !important;}&#8220;]<div class=\"tm-sbox tm-sbox-iconalign-before-heading none tm-sbox-bgcolor-transparent tm-bgcolor-transparent tm-sbox-textcolor- tm-textcolor- tm-sbox-isize-xs tm-sbox-isize-xs tm-sbox-istyle-none  tm-sbox-heading-only ttm-iconbox-heading-margin\"><section class=\"tm-vc_cta3-container\"><div class=\"tm-vc_general tm-vc_cta3 tm-vc_cta3-align-left tm-vc_cta3-icon-size-xs tm-vc_cta3-icons-beforeheading tm-vc_cta3-actions-no\"><div class=\"tm-vc_cta3_content-container\"><div class=\"tm-vc_cta3-content\"><div class=\"tm-vc_cta3-content-header tm-wrap\"><div class=\"tm-vc_cta3-icons tm-wrap-cell\"><div class=\"tm-vc_icon_element tm-vc_icon_element-outer tm-vc_icon_element-align-left \"><div class=\"tm-vc_icon_element-inner  tm-vc_icon_element-color-skincolor tm-vc_icon_element-size-xs tm-vc_icon_element-style-none tm-vc_icon_element-background-color-grey\" ><span class=\"tm-vc_icon_element-icon fa fa-envelope-o\" ><\/span><\/div><\/div><\/div><div class=\"tm-vc_cta3-headers tm-wrap-cell\"><h2 style=\"font-size:18px;line-height:24px;\" class=\"tm-custom-heading \" >Mailen Sie uns<\/h2>\n<\/div><\/div><\/div><div class=\"tm-cta3-desc-btn-wrapper\"><div class=\"tm-cta3-description\"><div class=\"tm-cta3-content-wrapper\"><a href=\"mailto:hallo@powerarea.nl\">hallo@powerarea.nl<\/a><\/div><\/div><\/div><\/div><\/div><\/section><\/div>[vc_separator align=&#8220;align_left&#8220; el_width=&#8220;70&#8243; css=&#8220;.vc_custom_1555308382733{margin-bottom: 10px !important;}&#8220;]<div class=\"tm-sbox tm-sbox-iconalign-before-heading none tm-sbox-bgcolor-transparent tm-bgcolor-transparent tm-sbox-textcolor- tm-textcolor- tm-sbox-isize-xs tm-sbox-isize-xs tm-sbox-istyle-none  tm-sbox-heading-only ttm-iconbox-heading-margin\"><section class=\"tm-vc_cta3-container\"><div class=\"tm-vc_general tm-vc_cta3 tm-vc_cta3-align-left tm-vc_cta3-icon-size-xs tm-vc_cta3-icons-beforeheading tm-vc_cta3-actions-no\"><div class=\"tm-vc_cta3_content-container\"><div class=\"tm-vc_cta3-content\"><div class=\"tm-vc_cta3-content-header tm-wrap\"><div class=\"tm-vc_cta3-icons tm-wrap-cell\"><div class=\"tm-vc_icon_element tm-vc_icon_element-outer tm-vc_icon_element-align-left \"><div class=\"tm-vc_icon_element-inner  tm-vc_icon_element-color-skincolor tm-vc_icon_element-size-xs tm-vc_icon_element-style-none tm-vc_icon_element-background-color-grey\" ><span class=\"tm-vc_icon_element-icon fa fa-phone\" ><\/span><\/div><\/div><\/div><div class=\"tm-vc_cta3-headers tm-wrap-cell\"><h2 style=\"font-size:18px;line-height:24px;\" class=\"tm-custom-heading \" >Rufen Sie direkt an<\/h2>\n<\/div><\/div><\/div><div class=\"tm-cta3-desc-btn-wrapper\"><div class=\"tm-cta3-description\"><div class=\"tm-cta3-content-wrapper\"><a href=\"tel:+31851117171\">+31 85 111 71 71<\/a><\/div><\/div><\/div><\/div><\/div><\/section><\/div>[vc_empty_space]<div class=\"templatera_shortcode\">\n\n\n\n<div class=\"tm-row wpb_row vc_row-fluid tm-zindex-0 vc_row container tm-bgimage-position-center_center\">\n\n\t\t\n\t\t\n\t\t\n\n<div class=\"wpb_column tm-column vc_column_container vc_col-sm-12 tm-zindex-0\">\n\t<div class=\"vc_column-inner  \">\n\t\t\t\t<div class=\"wpb_wrapper\">\n\t\t\t\n\t<div class=\"wpb_raw_code wpb_content_element wpb_raw_html\" >\n\t\t<div class=\"wpb_wrapper\">\n\t\t\t<a href=\"https:\/\/powerarea.nl\/de\/angebot\/\"><div class=\"button-rood\">ANGEBOT ANFORDERN<\/div><\/a>\n\t\t<\/div>\n\t<\/div>\n\t\t<\/div>\n\t<\/div>\n<\/div>\n\n\n\n\t\t\n\t<\/div>\n\n\n\n\n\n\n\n<\/div>[\/vc_column][vc_column tm_textcolor=&#8220;white&#8220; tm_zindex=&#8220;1&#8243; width=&#8220;1\/2&#8243; css=&#8220;.vc_custom_1564494156748{margin-top: -177px !important;margin-left: -30px !important;padding-top: 65px !important;padding-right: 65px !important;padding-bottom: 50px !important;padding-left: 50px !important;background-image: url(\/\/powerarea.nl\/wp-content\/uploads\/2019\/07\/background_home_activiteiten.jpg?id=2536) !important;background-position: center !important;background-repeat: no-repeat !important;background-size: cover !important;}&#8220; tm_responsive_css=&#8220;35181136|colbreak_no|||||||||colbreak_no|0px|||0px|25px|15px|15px|15px|colbreak_no||||||||||colbreak_no|||||||||&#8220;]<div class=\"tm-element-heading-wrapper tm-heading-inner tm-element-align-left tm-seperator-none tm-heading-style-vertical \"><section class=\"tm-vc_cta3-container\"><div class=\"tm-vc_general tm-vc_cta3 tm-cta3-only tm-vc_cta3-style-classic tm-vc_cta3-shape-rounded tm-vc_cta3-align-left tm-vc_cta3-color-transparent tm-vc_cta3-icon-size-md tm-vc_cta3-actions-no tm-cta3-without-desc\"><div class=\"tm-vc_cta3_content-container\"><div class=\"tm-vc_cta3-content\"><header class=\"tm-vc_cta3-content-header tm-wrap\"><div class=\"tm-vc_cta3-headers tm-wrap-cell\"><h2 class=\"tm-custom-heading \" >K\u00f6nnen wir Ihnen\r\nweiterhelfen?<\/h2>\n<\/div><\/header><\/div><\/div><\/div><\/section><\/div> <!-- .tm-element-heading-wrapper container --> [vc_separator color=&#8220;white&#8220; align=&#8220;align_left&#8220; border_width=&#8220;4&#8243; el_width=&#8220;10&#8243; css=&#8220;.vc_custom_1556513964792{margin-top: -25px !important;padding-bottom: 5px !important;}&#8220;]\n<div class=\"wpcf7 no-js\" id=\"wpcf7-f4089-o1\" lang=\"nl-NL\" dir=\"ltr\">\n<div class=\"screen-reader-response\"><p role=\"status\" aria-live=\"polite\" aria-atomic=\"true\"><\/p> <ul><\/ul><\/div>\n<form action=\"\/de\/wp-json\/wp\/v2\/pages\/4094#wpcf7-f4089-o1\" method=\"post\" class=\"wpcf7-form init\" aria-label=\"Contactformulier\" novalidate=\"novalidate\" data-status=\"init\">\n<div style=\"display: none;\">\n<input type=\"hidden\" name=\"_wpcf7\" value=\"4089\" \/>\n<input type=\"hidden\" name=\"_wpcf7_version\" value=\"5.9.8\" \/>\n<input type=\"hidden\" name=\"_wpcf7_locale\" value=\"nl_NL\" \/>\n<input type=\"hidden\" name=\"_wpcf7_unit_tag\" value=\"wpcf7-f4089-o1\" \/>\n<input type=\"hidden\" name=\"_wpcf7_container_post\" value=\"0\" \/>\n<input type=\"hidden\" name=\"_wpcf7_posted_data_hash\" value=\"\" \/>\n<input type=\"hidden\" name=\"_wpcf7cf_hidden_group_fields\" value=\"[]\" \/>\n<input type=\"hidden\" name=\"_wpcf7cf_hidden_groups\" value=\"[]\" \/>\n<input type=\"hidden\" name=\"_wpcf7cf_visible_groups\" value=\"[]\" \/>\n<input type=\"hidden\" name=\"_wpcf7cf_repeaters\" value=\"[]\" \/>\n<input type=\"hidden\" name=\"_wpcf7cf_steps\" value=\"{}\" \/>\n<input type=\"hidden\" name=\"_wpcf7cf_options\" value=\"{&quot;form_id&quot;:4089,&quot;conditions&quot;:[],&quot;settings&quot;:{&quot;animation&quot;:&quot;yes&quot;,&quot;animation_intime&quot;:200,&quot;animation_outtime&quot;:200,&quot;conditions_ui&quot;:&quot;normal&quot;,&quot;notice_dismissed&quot;:false,&quot;notice_dismissed_update-cf7-6.1.5&quot;:true}}\" \/>\n<input type=\"hidden\" name=\"_wpcf7_recaptcha_response\" value=\"\" \/>\n<\/div>\n<div class=\"tm-commonform contactform-1\">\n\t<div class=\"row\">\n\t\t<div class=\"col-xs-6 col-md-6\">\n\t\t\t<p><label>Was ist Ihre Frage?* <span class=\"wpcf7-form-control-wrap\" data-name=\"waarover\"><select class=\"wpcf7-form-control wpcf7-select wpcf7-validates-as-required\" aria-required=\"true\" aria-invalid=\"false\" name=\"waarover\"><option value=\"Aktivit\u00e4t\">Aktivit\u00e4t<\/option><option value=\"Arrangements\">Arrangements<\/option><option value=\"Reservierung\">Reservierung<\/option><option value=\"Sonst\u2026\">Sonst\u2026<\/option><\/select><\/span><\/label>\n\t\t\t<\/p>\n\t\t<\/div>\n\t\t<div class=\"col-xs-6 col-md-6\">\n\t\t\t<p><label> Betreff* <span class=\"wpcf7-form-control-wrap\" data-name=\"your-onderwerp\"><input size=\"40\" maxlength=\"400\" class=\"wpcf7-form-control wpcf7-text wpcf7-validates-as-required\" aria-required=\"true\" aria-invalid=\"false\" value=\"\" type=\"text\" name=\"your-onderwerp\" \/><\/span><\/label>\n\t\t\t<\/p>\n\t\t<\/div>\n\t\t<div class=\"col-xs-12 col-md-12\">\n\t\t\t<p><label> Erkl\u00e4rung* <span class=\"wpcf7-form-control-wrap\" data-name=\"your-message\"><textarea cols=\"40\" rows=\"3\" maxlength=\"2000\" class=\"wpcf7-form-control wpcf7-textarea wpcf7-validates-as-required\" aria-required=\"true\" aria-invalid=\"false\" name=\"your-message\"><\/textarea><\/span><\/label>\n\t\t\t<\/p>\n\t\t<\/div>\n\t\t<div class=\"col-xs-6 col-md-6\">\n\t\t\t<p><label> Anrede* <span class=\"wpcf7-form-control-wrap\" data-name=\"aanhef\"><select class=\"wpcf7-form-control wpcf7-select wpcf7-validates-as-required\" aria-required=\"true\" aria-invalid=\"false\" name=\"aanhef\"><option value=\"Herr\">Herr<\/option><option value=\"Frau\">Frau<\/option><\/select><\/span><\/label>\n\t\t\t<\/p>\n\t\t<\/div>\n\t\t<div class=\"col-xs-6 col-md-6\">\n\t\t\t<p><label> Name* <span class=\"wpcf7-form-control-wrap\" data-name=\"naam\"><input size=\"40\" maxlength=\"400\" class=\"wpcf7-form-control wpcf7-text wpcf7-validates-as-required\" aria-required=\"true\" aria-invalid=\"false\" value=\"\" type=\"text\" name=\"naam\" \/><\/span><\/label>\n\t\t\t<\/p>\n\t\t<\/div>\n\t\t<div class=\"col-xs-6 col-md-6\">\n\t\t\t<p><label> E-Mail-Adresse* <span class=\"wpcf7-form-control-wrap\" data-name=\"your-email\"><input size=\"40\" maxlength=\"400\" class=\"wpcf7-form-control wpcf7-email wpcf7-validates-as-required wpcf7-text wpcf7-validates-as-email\" aria-required=\"true\" aria-invalid=\"false\" value=\"\" type=\"email\" name=\"your-email\" \/><\/span><\/label>\n\t\t\t<\/p>\n\t\t<\/div>\n\t\t<div class=\"col-xs-6 col-md-6\">\n\t\t\t<p><label> Telefonnummer* <span class=\"wpcf7-form-control-wrap\" data-name=\"telefoonnummer\"><input size=\"40\" maxlength=\"400\" class=\"wpcf7-form-control wpcf7-tel wpcf7-validates-as-required wpcf7-text wpcf7-validates-as-tel\" aria-required=\"true\" aria-invalid=\"false\" value=\"\" type=\"tel\" name=\"telefoonnummer\" \/><\/span><\/label>\n\t\t\t<\/p>\n\t\t<\/div>\n\t\t<p><input class=\"wpcf7-form-control wpcf7-submit has-spinner\" id=\"button-form\" type=\"submit\" value=\"Senden\" \/>\n\t\t<div class=\"wpcf7-response-output\" aria-hidden=\"true\"><\/div>\n\t<\/div>\n<\/div><input type='hidden' class='wpcf7-pum' value='{\"closepopup\":false,\"closedelay\":0,\"openpopup\":false,\"openpopup_id\":0}' \/>\n<\/form>\n<\/div>\n[\/vc_column][\/vc_row]","protected":false},"excerpt":{"rendered":"Kontaktinformationen M\u00f6chten Sie die Optionen f\u00fcr eine Firmenfeier besprechen? Haben Sie eine Frage oder m\u00f6chten Sie reservieren? Hier finden Sie alle Informationen, die Ihnen weiterhelfen! Besuchen Sie uns Mamelis 1 6295 NA Lemiers (NL) Mailen Sie uns hallo@powerarea.nl Rufen Sie direkt an +31 85 111 71 71 ANGEBOT ANFORDERN K\u00f6nnen wir Ihnen weiterhelfen? Was ist &hellip; <a href=\"https:\/\/powerarea.nl\/de\/kontakt\/\" class=\"more-link\">Continue reading <span class=\"screen-reader-text\">Kontakt<\/span><\/a>","protected":false},"author":1,"featured_media":0,"parent":0,"menu_order":7,"comment_status":"closed","ping_status":"closed","template":"","meta":{"_monsterinsights_skip_tracking":false,"_monsterinsights_sitenote_active":false,"_monsterinsights_sitenote_note":"","_monsterinsights_sitenote_category":0,"footnotes":""},"class_list":["post-4094","page","type-page","status-publish","hentry"],"yoast_head":"<!-- This site is optimized with the Yoast SEO plugin v23.5 - https:\/\/yoast.com\/wordpress\/plugins\/seo\/ -->\n<title>Kontakt - Power Area Vaals | Stellen Sie Ihre Frage!<\/title>\n<meta name=\"description\" content=\"Haben Sie eine Frage oder m\u00f6chten Sie ein Angebot anfordern? Sie k\u00f6nnen gerne Ihre Frage stellen und Powerarea \u00fcber das Kontaktformular kontaktieren oder uns direkt anrufen \/ mailen!\" \/>\n<meta name=\"robots\" content=\"index, follow, max-snippet:-1, max-image-preview:large, max-video-preview:-1\" \/>\n<link rel=\"canonical\" href=\"https:\/\/powerarea.nl\/de\/kontakt\/\" \/>\n<meta property=\"og:locale\" content=\"de_DE\" \/>\n<meta property=\"og:type\" content=\"article\" \/>\n<meta property=\"og:title\" content=\"Kontakt - Power Area Vaals | Stellen Sie Ihre Frage!\" \/>\n<meta property=\"og:description\" content=\"Haben Sie eine Frage oder m\u00f6chten Sie ein Angebot anfordern? Sie k\u00f6nnen gerne Ihre Frage stellen und Powerarea \u00fcber das Kontaktformular kontaktieren oder uns direkt anrufen \/ mailen!\" \/>\n<meta property=\"og:url\" content=\"https:\/\/powerarea.nl\/de\/kontakt\/\" \/>\n<meta property=\"og:site_name\" content=\"Powerarea\" \/>\n<meta property=\"article:modified_time\" content=\"2023-03-30T09:29:46+00:00\" \/>\n<meta name=\"twitter:card\" content=\"summary_large_image\" \/>\n<meta name=\"twitter:label1\" content=\"Gesch\u00e4tzte Lesezeit\" \/>\n\t<meta name=\"twitter:data1\" content=\"2\u00a0Minuten\" \/>\n<script type=\"application\/ld+json\" class=\"yoast-schema-graph\">{\"@context\":\"https:\/\/schema.org\",\"@graph\":[{\"@type\":\"WebPage\",\"@id\":\"https:\/\/powerarea.nl\/de\/kontakt\/\",\"url\":\"https:\/\/powerarea.nl\/de\/kontakt\/\",\"name\":\"Kontakt - Power Area Vaals | Stellen Sie Ihre Frage!\",\"isPartOf\":{\"@id\":\"https:\/\/powerarea.nl\/#website\"},\"datePublished\":\"2019-08-08T12:06:01+00:00\",\"dateModified\":\"2023-03-30T09:29:46+00:00\",\"description\":\"Haben Sie eine Frage oder m\u00f6chten Sie ein Angebot anfordern? Sie k\u00f6nnen gerne Ihre Frage stellen und Powerarea \u00fcber das Kontaktformular kontaktieren oder uns direkt anrufen \/ mailen!\",\"breadcrumb\":{\"@id\":\"https:\/\/powerarea.nl\/de\/kontakt\/#breadcrumb\"},\"inLanguage\":\"de\",\"potentialAction\":[{\"@type\":\"ReadAction\",\"target\":[\"https:\/\/powerarea.nl\/de\/kontakt\/\"]}]},{\"@type\":\"BreadcrumbList\",\"@id\":\"https:\/\/powerarea.nl\/de\/kontakt\/#breadcrumb\",\"itemListElement\":[{\"@type\":\"ListItem\",\"position\":1,\"name\":\"Home\",\"item\":\"https:\/\/powerarea.nl\/de\/\"},{\"@type\":\"ListItem\",\"position\":2,\"name\":\"Kontakt\"}]},{\"@type\":\"WebSite\",\"@id\":\"https:\/\/powerarea.nl\/#website\",\"url\":\"https:\/\/powerarea.nl\/\",\"name\":\"Powerarea\",\"description\":\"Powerarea\",\"potentialAction\":[{\"@type\":\"SearchAction\",\"target\":{\"@type\":\"EntryPoint\",\"urlTemplate\":\"https:\/\/powerarea.nl\/?s={search_term_string}\"},\"query-input\":{\"@type\":\"PropertyValueSpecification\",\"valueRequired\":true,\"valueName\":\"search_term_string\"}}],\"inLanguage\":\"de\"}]}<\/script>\n<!-- \/ Yoast SEO plugin. -->","yoast_head_json":{"title":"Kontakt - Power Area Vaals | Stellen Sie Ihre Frage!","description":"Haben Sie eine Frage oder m\u00f6chten Sie ein Angebot anfordern? Sie k\u00f6nnen gerne Ihre Frage stellen und Powerarea \u00fcber das Kontaktformular kontaktieren oder uns direkt anrufen \/ mailen!","robots":{"index":"index","follow":"follow","max-snippet":"max-snippet:-1","max-image-preview":"max-image-preview:large","max-video-preview":"max-video-preview:-1"},"canonical":"https:\/\/powerarea.nl\/de\/kontakt\/","og_locale":"de_DE","og_type":"article","og_title":"Kontakt - Power Area Vaals | Stellen Sie Ihre Frage!","og_description":"Haben Sie eine Frage oder m\u00f6chten Sie ein Angebot anfordern? Sie k\u00f6nnen gerne Ihre Frage stellen und Powerarea \u00fcber das Kontaktformular kontaktieren oder uns direkt anrufen \/ mailen!","og_url":"https:\/\/powerarea.nl\/de\/kontakt\/","og_site_name":"Powerarea","article_modified_time":"2023-03-30T09:29:46+00:00","twitter_card":"summary_large_image","twitter_misc":{"Gesch\u00e4tzte Lesezeit":"2\u00a0Minuten"},"schema":{"@context":"https:\/\/schema.org","@graph":[{"@type":"WebPage","@id":"https:\/\/powerarea.nl\/de\/kontakt\/","url":"https:\/\/powerarea.nl\/de\/kontakt\/","name":"Kontakt - Power Area Vaals | Stellen Sie Ihre Frage!","isPartOf":{"@id":"https:\/\/powerarea.nl\/#website"},"datePublished":"2019-08-08T12:06:01+00:00","dateModified":"2023-03-30T09:29:46+00:00","description":"Haben Sie eine Frage oder m\u00f6chten Sie ein Angebot anfordern? Sie k\u00f6nnen gerne Ihre Frage stellen und Powerarea \u00fcber das Kontaktformular kontaktieren oder uns direkt anrufen \/ mailen!","breadcrumb":{"@id":"https:\/\/powerarea.nl\/de\/kontakt\/#breadcrumb"},"inLanguage":"de","potentialAction":[{"@type":"ReadAction","target":["https:\/\/powerarea.nl\/de\/kontakt\/"]}]},{"@type":"BreadcrumbList","@id":"https:\/\/powerarea.nl\/de\/kontakt\/#breadcrumb","itemListElement":[{"@type":"ListItem","position":1,"name":"Home","item":"https:\/\/powerarea.nl\/de\/"},{"@type":"ListItem","position":2,"name":"Kontakt"}]},{"@type":"WebSite","@id":"https:\/\/powerarea.nl\/#website","url":"https:\/\/powerarea.nl\/","name":"Powerarea","description":"Powerarea","potentialAction":[{"@type":"SearchAction","target":{"@type":"EntryPoint","urlTemplate":"https:\/\/powerarea.nl\/?s={search_term_string}"},"query-input":{"@type":"PropertyValueSpecification","valueRequired":true,"valueName":"search_term_string"}}],"inLanguage":"de"}]}},"_links":{"self":[{"href":"https:\/\/powerarea.nl\/de\/wp-json\/wp\/v2\/pages\/4094"}],"collection":[{"href":"https:\/\/powerarea.nl\/de\/wp-json\/wp\/v2\/pages"}],"about":[{"href":"https:\/\/powerarea.nl\/de\/wp-json\/wp\/v2\/types\/page"}],"author":[{"embeddable":true,"href":"https:\/\/powerarea.nl\/de\/wp-json\/wp\/v2\/users\/1"}],"replies":[{"embeddable":true,"href":"https:\/\/powerarea.nl\/de\/wp-json\/wp\/v2\/comments?post=4094"}],"version-history":[{"count":0,"href":"https:\/\/powerarea.nl\/de\/wp-json\/wp\/v2\/pages\/4094\/revisions"}],"wp:attachment":[{"href":"https:\/\/powerarea.nl\/de\/wp-json\/wp\/v2\/media?parent=4094"}],"curies":[{"name":"wp","href":"https:\/\/api.w.org\/{rel}","templated":true}]}}