{"id":7438,"date":"2020-03-12T16:12:42","date_gmt":"2020-03-12T15:12:42","guid":{"rendered":"https:\/\/powerarea.nl\/?page_id=7438"},"modified":"2026-03-24T13:21:33","modified_gmt":"2026-03-24T12:21:33","slug":"aktivitaten","status":"publish","type":"page","link":"https:\/\/powerarea.nl\/de\/aktivitaten\/","title":{"rendered":"Aktivit\u00e4ten"},"content":{"rendered":"[vc_row tm_bgimagefixed=&#8220;&#8220; css=&#8220;.vc_custom_1614157615144{margin-top: 0px !important;margin-bottom: 10px !important;border-bottom-width: 0px !important;padding-top: 0px !important;}&#8220;][vc_column][vc_empty_space height=&#8220;50px&#8220;][\/vc_column][\/vc_row][vc_row][vc_column width=&#8220;1\/3&#8243;]<div class=\"templatera_shortcode\">\n\n\n\n<div class=\"tm-row wpb_row vc_row-fluid tm-zindex-0 vc_row container tm-bgimage-position-center_center\">\n\n\t\t\n\t\t\n\t\t\n\n<div class=\"wpb_column tm-column vc_column_container vc_col-sm-12 tm-zindex-0\">\n\t<div class=\"vc_column-inner  \">\n\t\t\t\t<div class=\"wpb_wrapper\">\n\t\t\t\n\t<div class=\"wpb_raw_code wpb_content_element wpb_raw_html\" >\n\t\t<div class=\"wpb_wrapper\">\n\t\t\t<a href=\"https:\/\/powerarea.nl\/de\/aktivitaten\/kartfahren\/\">\n\t<div class=\"activiteitenbox-algemeen\">\n\t\t<div class=\"activiteitenbox-algemeen-img\">\n\t\t\t<img decoding=\"async\" src=\"\/wp-content\/uploads\/2022\/07\/pa-karten15-2022-v1.png\" alt=\"Kartfahren\" \/>\n\t\t<\/div>\n<div class=\"activiteitenbox-algemeen-tekst\">\n<div class=\"activiteitenbox-algemeen-title\"><br>KARTFAHREN<\/div>\n<div class=\"activiteitenbox-algemeen-subtitel\">Spektakul\u00e4re Go-Kart-Bahn auf 2 Etagen!<\/div>\n<\/div>\n\t\t<a href=\"https:\/\/booking.sms-timing.com\/powerarea?productId=39193\"><div class=\"activiteitenbox-algemeen-button\">Tickets<\/div><\/a>\n\t<\/div>\n<\/a>\n\t\t<\/div>\n\t<\/div>\n\t\t<\/div>\n\t<\/div>\n<\/div>\n\n\n\n\t\t\n\t<\/div>\n\n\n\n\n\n\n\n<\/div>[\/vc_column][vc_column width=&#8220;1\/3&#8243;]<div class=\"templatera_shortcode\">\n\n\n\n<div class=\"tm-row wpb_row vc_row-fluid tm-zindex-0 vc_row container tm-bgimage-position-center_center\">\n\n\t\t\n\t\t\n\t\t\n\n<div class=\"wpb_column tm-column vc_column_container vc_col-sm-12 tm-zindex-0\">\n\t<div class=\"vc_column-inner  \">\n\t\t\t\t<div class=\"wpb_wrapper\">\n\t\t\t\n\t<div class=\"wpb_raw_code wpb_content_element wpb_raw_html\" >\n\t\t<div class=\"wpb_wrapper\">\n\t\t\t<a href=\"https:\/\/powerarea.nl\/de\/aktivitaten\/bowling\/\">\n\t<div class=\"activiteitenbox-algemeen\">\n\t\t<div class=\"activiteitenbox-algemeen-img\">\n\t\t\t<img decoding=\"async\" src=\"\/wp-content\/uploads\/2022\/07\/pa-bowlen-2022-v1.png\" alt=\"Bowling\" \/>\n\t\t<\/div>\n<div class=\"activiteitenbox-algemeen-tekst\">\n<div class=\"activiteitenbox-algemeen-title\"><br>Bowling<\/div>\n<div class=\"activiteitenbox-algemeen-subtitel\">Eine Aktivit\u00e4t f\u00fcr die ganze Familie!<\/div>\n<\/div>\n\t<a href=\"https:\/\/powerarea.nl\/activiteiten\/bowlen\/\"><div class=\"activiteitenbox-algemeen-button\">Tickets<\/div><\/a>\n\t<\/div>\n<\/a>\n\t\t<\/div>\n\t<\/div>\n\t\t<\/div>\n\t<\/div>\n<\/div>\n\n\n\n\t\t\n\t<\/div>\n\n\n\n\n\n\n\n<\/div>[\/vc_column][vc_column width=&#8220;1\/3&#8243;]<div class=\"templatera_shortcode\">\n\n\n\n<div class=\"tm-row wpb_row vc_row-fluid tm-zindex-0 vc_row container tm-bgimage-position-center_center\">\n\n\t\t\n\t\t\n\t\t\n\n<div class=\"wpb_column tm-column vc_column_container vc_col-sm-12 tm-zindex-0\">\n\t<div class=\"vc_column-inner  \">\n\t\t\t\t<div class=\"wpb_wrapper\">\n\t\t\t\n\t<div class=\"wpb_raw_code wpb_content_element wpb_raw_html\" >\n\t\t<div class=\"wpb_wrapper\">\n\t\t\t<a href=\"https:\/\/powerarea.nl\/de\/aktivitaten\/karaoke\/\">\n\t<div class=\"activiteitenbox-algemeen\">\n\t\t<div class=\"activiteitenbox-algemeen-img\">\n\t\t\t<img decoding=\"async\" src=\"\/wp-content\/uploads\/2024\/09\/pa-karaoke-2024.png\" alt=\"Karaoke\" \/>\n\t\t<\/div>\n<div class=\"activiteitenbox-algemeen-tekst\">\n<div class=\"activiteitenbox-algemeen-title\">KARAOKE<\/div>\n<div class=\"activiteitenbox-algemeen-subtitel\">Ein musikalischer Auftritt mit deinen Lieblingshits!<br><\/div>\n<\/div>\n\t<a href=\"https:\/\/powerarea.nl\/activiteiten\/karaoke\/\"><div class=\"activiteitenbox-algemeen-button\">Tickets<\/div><\/a>\n\t<\/div>\n<\/a>\n\t\t<\/div>\n\t<\/div>\n\t\t<\/div>\n\t<\/div>\n<\/div>\n\n\n\n\t\t\n\t<\/div>\n\n\n\n\n\n\n\n<\/div>[\/vc_column][\/vc_row][vc_row][vc_column width=&#8220;1\/3&#8243;]<div class=\"templatera_shortcode\">\n\n\n\n<div class=\"tm-row wpb_row vc_row-fluid tm-zindex-0 vc_row container tm-bgimage-position-center_center\">\n\n\t\t\n\t\t\n\t\t\n\n<div class=\"wpb_column tm-column vc_column_container vc_col-sm-12 tm-zindex-0\">\n\t<div class=\"vc_column-inner  \">\n\t\t\t\t<div class=\"wpb_wrapper\">\n\t\t\t\n\t<div class=\"wpb_raw_code wpb_content_element wpb_raw_html\" >\n\t\t<div class=\"wpb_wrapper\">\n\t\t\t<a href=\"https:\/\/powerarea.nl\/de\/aktivitaten\/lasergame\/\">\n\t<div class=\"activiteitenbox-algemeen\">\n\t\t<div class=\"activiteitenbox-algemeen-img\">\n\t\t\t<img decoding=\"async\" src=\"\/wp-content\/uploads\/2024\/09\/pa-lasergame-2024.png\" alt=\"Lasertag\" \/>\n\t\t<\/div>\n<div class=\"activiteitenbox-algemeen-tekst\">\n<div class=\"activiteitenbox-algemeen-title\"><br>LASERTAG<\/div>\n<div class=\"activiteitenbox-algemeen-subtitel\">Traust du dich, den Wettkampf anzutreten?<\/div>\n<\/div>\n\t<a href=\"https:\/\/powerarea.nl\/activiteiten\/lasergame\/\"><div class=\"activiteitenbox-algemeen-button\">Tickets<\/div><\/a>\n\t<\/div>\n<\/a>\n\t\t<\/div>\n\t<\/div>\n\t\t<\/div>\n\t<\/div>\n<\/div>\n\n\n\n\t\t\n\t<\/div>\n\n\n\n\n\n\n\n<\/div>[\/vc_column][vc_column width=&#8220;1\/3&#8243;]<div class=\"templatera_shortcode\">\n\n\n\n<div class=\"tm-row wpb_row vc_row-fluid tm-zindex-0 vc_row container tm-bgimage-position-center_center\">\n\n\t\t\n\t\t\n\t\t\n\n<div class=\"wpb_column tm-column vc_column_container vc_col-sm-12 tm-zindex-0\">\n\t<div class=\"vc_column-inner  \">\n\t\t\t\t<div class=\"wpb_wrapper\">\n\t\t\t\n\t<div class=\"wpb_raw_code wpb_content_element wpb_raw_html\" >\n\t\t<div class=\"wpb_wrapper\">\n\t\t\t<a href=\"https:\/\/powerarea.nl\/de\/aktivitaten\/simracing\/\">\n\t<div class=\"activiteitenbox-algemeen\">\n\t\t<div class=\"activiteitenbox-algemeen-img\">\n\t\t\t<img decoding=\"async\" src=\"\/wp-content\/uploads\/2024\/09\/pa-sim-2024.png\" alt=\"Sim-Rennen\">\n\t\t<\/div>\n<div class=\"activiteitenbox-algemeen-tekst\">\n<div class=\"activiteitenbox-algemeen-title\"><br>Sim-Rennen<\/div>\n<div class=\"activiteitenbox-algemeen-subtitel\">Schl\u00fcpfe in die Rolle eines F1-Fahrers!<\/div>\n<\/div>\n\t<a href=\"https:\/\/powerarea.nl\/de\/aktivitaten\/simracing\/\"><div class=\"activiteitenbox-algemeen-button\">Tickets<\/div><\/a>\n\t<\/div>\n<\/a>\n\t\t<\/div>\n\t<\/div>\n\t\t<\/div>\n\t<\/div>\n<\/div>\n\n\n\n\t\t\n\t<\/div>\n\n\n\n\n\n\n\n<\/div>[\/vc_column][vc_column width=&#8220;1\/3&#8243;]<div class=\"templatera_shortcode\">\n\n\n\n<div class=\"tm-row wpb_row vc_row-fluid tm-zindex-0 vc_row container tm-bgimage-position-center_center\">\n\n\t\t\n\t\t\n\t\t\n\n<div class=\"wpb_column tm-column vc_column_container vc_col-sm-12 tm-zindex-0\">\n\t<div class=\"vc_column-inner  \">\n\t\t\t\t<div class=\"wpb_wrapper\">\n\t\t\t\n\t<div class=\"wpb_raw_code wpb_content_element wpb_raw_html\" >\n\t\t<div class=\"wpb_wrapper\">\n\t\t\t<a href=\"https:\/\/powerarea.nl\/de\/aktivitaten\/prisonarea\/\">\n\t<div class=\"activiteitenbox-algemeen\">\n\t\t<div class=\"activiteitenbox-algemeen-img\">\n\t\t\t<img decoding=\"async\" src=\"\/wp-content\/uploads\/2024\/09\/pa-prisonarea-2024.png\" alt=\"Prison Area\" \/>\n\t\t<\/div>\n<div class=\"activiteitenbox-algemeen-tekst\">\n<div class=\"activiteitenbox-algemeen-title\"><br>Prison Area<\/div>\n<div class=\"activiteitenbox-algemeen-subtitel\">Knackst du den Code?<\/div>\n<\/div>\n\t<a href=\"https:\/\/powerarea.nl\/de\/aktivitaten\/prisonarea\/\"><div class=\"activiteitenbox-algemeen-button\">Tickets<\/div><\/a>\n\t<\/div>\n<\/a>\n\t\t<\/div>\n\t<\/div>\n\t\t<\/div>\n\t<\/div>\n<\/div>\n\n\n\n\t\t\n\t<\/div>\n\n\n\n\n\n\n\n<\/div>[\/vc_column][\/vc_row][vc_row][vc_column width=&#8220;1\/3&#8243;]<div class=\"templatera_shortcode\">\n\n\n\n<div class=\"tm-row wpb_row vc_row-fluid tm-zindex-0 vc_row container tm-bgimage-position-center_center\">\n\n\t\t\n\t\t\n\t\t\n\n<div class=\"wpb_column tm-column vc_column_container vc_col-sm-12 tm-zindex-0\">\n\t<div class=\"vc_column-inner  \">\n\t\t\t\t<div class=\"wpb_wrapper\">\n\t\t\t\n\t<div class=\"wpb_raw_code wpb_content_element wpb_raw_html\" >\n\t\t<div class=\"wpb_wrapper\">\n\t\t\t<a href=\"https:\/\/powerarea.nl\/de\/aktivitaten\/paintball\/\">\n\t<div class=\"activiteitenbox-algemeen\">\n\t\t<div class=\"activiteitenbox-algemeen-img\">\n\t\t\t<img decoding=\"async\" src=\"\/wp-content\/uploads\/2024\/09\/pa-paintball-2024.png\" alt=\"Paintball\" \/>\n\t\t<\/div>\n<div class=\"activiteitenbox-algemeen-tekst\">\n<div class=\"activiteitenbox-algemeen-title\"><br>Paintball<\/div>\n<div class=\"activiteitenbox-algemeen-subtitel\">Wem schenkst du eine Farbdusche?<\/div>\n<\/div>\n\t<a href=\"https:\/\/powerarea.nl\/activiteiten\/paintball\/\"><div class=\"activiteitenbox-algemeen-button\">Tickets<\/div><\/a>\n\t<\/div>\n<\/a>\n\t\t<\/div>\n\t<\/div>\n\t\t<\/div>\n\t<\/div>\n<\/div>\n\n\n\n\t\t\n\t<\/div>\n\n\n\n\n\n\n\n<\/div>[\/vc_column][vc_column width=&#8220;1\/3&#8243;]<div class=\"templatera_shortcode\">\n\n\n\n<div class=\"tm-row wpb_row vc_row-fluid tm-zindex-0 vc_row container tm-bgimage-position-center_center\">\n\n\t\t\n\t\t\n\t\t\n\n<div class=\"wpb_column tm-column vc_column_container vc_col-sm-12 tm-zindex-0\">\n\t<div class=\"vc_column-inner  \">\n\t\t\t\t<div class=\"wpb_wrapper\">\n\t\t\t\n\t<div class=\"wpb_raw_code wpb_content_element wpb_raw_html\" >\n\t\t<div class=\"wpb_wrapper\">\n\t\t\t<a href=\"https:\/\/powerarea.nl\/de\/aktivitaten\/darts\/\">\n\t<div class=\"activiteitenbox-algemeen\">\n\t\t<div class=\"activiteitenbox-algemeen-img\">\n\t\t\t<img decoding=\"async\" src=\"\/wp-content\/uploads\/2024\/09\/pa-darten-2024.png\" alt=\"Darts\" \/>\n\t\t<\/div>\n<div class=\"activiteitenbox-algemeen-tekst\">\n<div class=\"activiteitenbox-algemeen-title\"><br>DARTS<\/div>\n<div class=\"activiteitenbox-algemeen-subtitel\">Drinks, Darts, ein unterhaltsamer Abend!<\/div>\n<\/div>\n\t\t<a href=\"https:\/\/powerarea.nl\/activiteiten\/darten\/\"><div class=\"activiteitenbox-algemeen-button\">Tickets<\/div><\/a>\n\t<\/div>\n<\/a>\n\t\t<\/div>\n\t<\/div>\n\t\t<\/div>\n\t<\/div>\n<\/div>\n\n\n\n\t\t\n\t<\/div>\n\n\n\n\n\n\n\n<\/div>[\/vc_column][vc_column width=&#8220;1\/3&#8243;]<div class=\"templatera_shortcode\">\n\n\n\n<div class=\"tm-row wpb_row vc_row-fluid tm-zindex-0 vc_row container tm-bgimage-position-center_center\">\n\n\t\t\n\t\t\n\t\t\n\n<div class=\"wpb_column tm-column vc_column_container vc_col-sm-12 tm-zindex-0\">\n\t<div class=\"vc_column-inner  \">\n\t\t\t\t<div class=\"wpb_wrapper\">\n\t\t\t\n\t<div class=\"wpb_raw_code wpb_content_element wpb_raw_html\" >\n\t\t<div class=\"wpb_wrapper\">\n\t\t\t<a href=\"https:\/\/powerarea.nl\/de\/arrangements\/speisen-getranke\/\">\n\t<div class=\"activiteitenbox-algemeen\">\n\t\t<div class=\"activiteitenbox-algemeen-img\">\n\t\t\t<img decoding=\"async\" src=\"\/wp-content\/uploads\/2024\/09\/pa-etendrinken-2024.png\" alt=\"Essen & Trinken\">\n\t\t<\/div>\n<div class=\"activiteitenbox-algemeen-tekst\">\n<div class=\"activiteitenbox-algemeen-title\"><br>Essen & Trinken<\/div>\n<div class=\"activiteitenbox-algemeen-subtitel\">Energie tanken mit Snacks und Getr\u00e4nken<\/div>\n<\/div>\n\t<a href=\"https:\/\/powerarea.nl\/de\/arrangements\/speisen-getranke\/\"><div class=\"activiteitenbox-algemeen-button\">Mehr info<\/div><\/a>\n\t<\/div>\n<\/a>\n\t\t<\/div>\n\t<\/div>\n\t\t<\/div>\n\t<\/div>\n<\/div>\n\n\n\n\t\t\n\t<\/div>\n\n\n\n\n\n\n\n<\/div>[\/vc_column][\/vc_row]","protected":false},"excerpt":{"rendered":"KARTFAHREN Spektakul\u00e4re Go-Kart-Bahn auf 2 Etagen! Tickets Bowling Eine Aktivit\u00e4t f\u00fcr die ganze Familie! Tickets KARAOKE Ein musikalischer Auftritt mit deinen Lieblingshits! Tickets LASERTAG Traust du dich, den Wettkampf anzutreten? Tickets Sim-Rennen Schl\u00fcpfe in die Rolle eines F1-Fahrers! Tickets Prison Area Knackst du den Code? Tickets Paintball Wem schenkst du eine Farbdusche? Tickets DARTS Drinks, &hellip; <a href=\"https:\/\/powerarea.nl\/de\/aktivitaten\/\" class=\"more-link\">Continue reading <span class=\"screen-reader-text\">Aktivit\u00e4ten<\/span><\/a>","protected":false},"author":5,"featured_media":0,"parent":0,"menu_order":0,"comment_status":"closed","ping_status":"closed","template":"","meta":{"_monsterinsights_skip_tracking":false,"_monsterinsights_sitenote_active":false,"_monsterinsights_sitenote_note":"","_monsterinsights_sitenote_category":0,"footnotes":""},"categories":[],"tags":[],"class_list":["post-7438","page","type-page","status-publish","hentry"],"yoast_head":"<!-- This site is optimized with the Yoast SEO plugin v23.5 - https:\/\/yoast.com\/wordpress\/plugins\/seo\/ -->\n<title>Aktivit\u00e4ten bei Powerarea Lemiers-Vaals<\/title>\n<meta name=\"description\" content=\"Die tollsten Indoor-Aktivit\u00e4ten in der Region Aachen findest du bei Powerarea Lemiers-Vaals. Mehr als 9 Indoor-Aktivit\u00e4ten f\u00fcr Jung und Alt!\" \/>\n<meta name=\"robots\" content=\"index, follow, max-snippet:-1, max-image-preview:large, max-video-preview:-1\" \/>\n<link rel=\"canonical\" href=\"https:\/\/powerarea.nl\/de\/aktivitaten\/\" \/>\n<meta property=\"og:locale\" content=\"de_DE\" \/>\n<meta property=\"og:type\" content=\"article\" \/>\n<meta property=\"og:title\" content=\"Aktivit\u00e4ten bei Powerarea Lemiers-Vaals\" \/>\n<meta property=\"og:description\" content=\"Die tollsten Indoor-Aktivit\u00e4ten in der Region Aachen findest du bei Powerarea Lemiers-Vaals. Mehr als 9 Indoor-Aktivit\u00e4ten f\u00fcr Jung und Alt!\" \/>\n<meta property=\"og:url\" content=\"https:\/\/powerarea.nl\/de\/aktivitaten\/\" \/>\n<meta property=\"og:site_name\" content=\"Powerarea\" \/>\n<meta property=\"article:modified_time\" content=\"2026-03-24T12:21:33+00:00\" \/>\n<meta name=\"twitter:card\" content=\"summary_large_image\" \/>\n<meta name=\"twitter:label1\" content=\"Gesch\u00e4tzte Lesezeit\" \/>\n\t<meta name=\"twitter:data1\" content=\"1\u00a0Minute\" \/>\n<script type=\"application\/ld+json\" class=\"yoast-schema-graph\">{\"@context\":\"https:\/\/schema.org\",\"@graph\":[{\"@type\":\"WebPage\",\"@id\":\"https:\/\/powerarea.nl\/de\/aktivitaten\/\",\"url\":\"https:\/\/powerarea.nl\/de\/aktivitaten\/\",\"name\":\"Aktivit\u00e4ten bei Powerarea Lemiers-Vaals\",\"isPartOf\":{\"@id\":\"https:\/\/powerarea.nl\/#website\"},\"datePublished\":\"2020-03-12T15:12:42+00:00\",\"dateModified\":\"2026-03-24T12:21:33+00:00\",\"description\":\"Die tollsten Indoor-Aktivit\u00e4ten in der Region Aachen findest du bei Powerarea Lemiers-Vaals. Mehr als 9 Indoor-Aktivit\u00e4ten f\u00fcr Jung und Alt!\",\"breadcrumb\":{\"@id\":\"https:\/\/powerarea.nl\/de\/aktivitaten\/#breadcrumb\"},\"inLanguage\":\"de\",\"potentialAction\":[{\"@type\":\"ReadAction\",\"target\":[\"https:\/\/powerarea.nl\/de\/aktivitaten\/\"]}]},{\"@type\":\"BreadcrumbList\",\"@id\":\"https:\/\/powerarea.nl\/de\/aktivitaten\/#breadcrumb\",\"itemListElement\":[{\"@type\":\"ListItem\",\"position\":1,\"name\":\"Home\",\"item\":\"https:\/\/powerarea.nl\/de\/\"},{\"@type\":\"ListItem\",\"position\":2,\"name\":\"Aktivit\u00e4ten\"}]},{\"@type\":\"WebSite\",\"@id\":\"https:\/\/powerarea.nl\/#website\",\"url\":\"https:\/\/powerarea.nl\/\",\"name\":\"Powerarea\",\"description\":\"Powerarea\",\"potentialAction\":[{\"@type\":\"SearchAction\",\"target\":{\"@type\":\"EntryPoint\",\"urlTemplate\":\"https:\/\/powerarea.nl\/?s={search_term_string}\"},\"query-input\":{\"@type\":\"PropertyValueSpecification\",\"valueRequired\":true,\"valueName\":\"search_term_string\"}}],\"inLanguage\":\"de\"}]}<\/script>\n<!-- \/ Yoast SEO plugin. -->","yoast_head_json":{"title":"Aktivit\u00e4ten bei Powerarea Lemiers-Vaals","description":"Die tollsten Indoor-Aktivit\u00e4ten in der Region Aachen findest du bei Powerarea Lemiers-Vaals. Mehr als 9 Indoor-Aktivit\u00e4ten f\u00fcr Jung und Alt!","robots":{"index":"index","follow":"follow","max-snippet":"max-snippet:-1","max-image-preview":"max-image-preview:large","max-video-preview":"max-video-preview:-1"},"canonical":"https:\/\/powerarea.nl\/de\/aktivitaten\/","og_locale":"de_DE","og_type":"article","og_title":"Aktivit\u00e4ten bei Powerarea Lemiers-Vaals","og_description":"Die tollsten Indoor-Aktivit\u00e4ten in der Region Aachen findest du bei Powerarea Lemiers-Vaals. Mehr als 9 Indoor-Aktivit\u00e4ten f\u00fcr Jung und Alt!","og_url":"https:\/\/powerarea.nl\/de\/aktivitaten\/","og_site_name":"Powerarea","article_modified_time":"2026-03-24T12:21:33+00:00","twitter_card":"summary_large_image","twitter_misc":{"Gesch\u00e4tzte Lesezeit":"1\u00a0Minute"},"schema":{"@context":"https:\/\/schema.org","@graph":[{"@type":"WebPage","@id":"https:\/\/powerarea.nl\/de\/aktivitaten\/","url":"https:\/\/powerarea.nl\/de\/aktivitaten\/","name":"Aktivit\u00e4ten bei Powerarea Lemiers-Vaals","isPartOf":{"@id":"https:\/\/powerarea.nl\/#website"},"datePublished":"2020-03-12T15:12:42+00:00","dateModified":"2026-03-24T12:21:33+00:00","description":"Die tollsten Indoor-Aktivit\u00e4ten in der Region Aachen findest du bei Powerarea Lemiers-Vaals. Mehr als 9 Indoor-Aktivit\u00e4ten f\u00fcr Jung und Alt!","breadcrumb":{"@id":"https:\/\/powerarea.nl\/de\/aktivitaten\/#breadcrumb"},"inLanguage":"de","potentialAction":[{"@type":"ReadAction","target":["https:\/\/powerarea.nl\/de\/aktivitaten\/"]}]},{"@type":"BreadcrumbList","@id":"https:\/\/powerarea.nl\/de\/aktivitaten\/#breadcrumb","itemListElement":[{"@type":"ListItem","position":1,"name":"Home","item":"https:\/\/powerarea.nl\/de\/"},{"@type":"ListItem","position":2,"name":"Aktivit\u00e4ten"}]},{"@type":"WebSite","@id":"https:\/\/powerarea.nl\/#website","url":"https:\/\/powerarea.nl\/","name":"Powerarea","description":"Powerarea","potentialAction":[{"@type":"SearchAction","target":{"@type":"EntryPoint","urlTemplate":"https:\/\/powerarea.nl\/?s={search_term_string}"},"query-input":{"@type":"PropertyValueSpecification","valueRequired":true,"valueName":"search_term_string"}}],"inLanguage":"de"}]}},"_links":{"self":[{"href":"https:\/\/powerarea.nl\/de\/wp-json\/wp\/v2\/pages\/7438"}],"collection":[{"href":"https:\/\/powerarea.nl\/de\/wp-json\/wp\/v2\/pages"}],"about":[{"href":"https:\/\/powerarea.nl\/de\/wp-json\/wp\/v2\/types\/page"}],"author":[{"embeddable":true,"href":"https:\/\/powerarea.nl\/de\/wp-json\/wp\/v2\/users\/5"}],"replies":[{"embeddable":true,"href":"https:\/\/powerarea.nl\/de\/wp-json\/wp\/v2\/comments?post=7438"}],"version-history":[{"count":0,"href":"https:\/\/powerarea.nl\/de\/wp-json\/wp\/v2\/pages\/7438\/revisions"}],"wp:attachment":[{"href":"https:\/\/powerarea.nl\/de\/wp-json\/wp\/v2\/media?parent=7438"}],"wp:term":[{"taxonomy":"category","embeddable":true,"href":"https:\/\/powerarea.nl\/de\/wp-json\/wp\/v2\/categories?post=7438"},{"taxonomy":"post_tag","embeddable":true,"href":"https:\/\/powerarea.nl\/de\/wp-json\/wp\/v2\/tags?post=7438"}],"curies":[{"name":"wp","href":"https:\/\/api.w.org\/{rel}","templated":true}]}}