{"id":7971,"date":"2020-05-04T15:33:58","date_gmt":"2020-05-04T14:33:58","guid":{"rendered":"https:\/\/powerarea.nl\/?page_id=7971"},"modified":"2023-03-29T12:00:46","modified_gmt":"2023-03-29T11:00:46","slug":"pakete","status":"publish","type":"page","link":"https:\/\/powerarea.nl\/de\/pakete\/","title":{"rendered":"Arrangements"},"content":{"rendered":"[vc_row][vc_column][vc_empty_space height=&#8220;70px&#8220;]<div class=\"templatera_shortcode\">\n\n\n\n<div class=\"tm-row wpb_row vc_row-fluid tm-zindex-0 vc_row container tm-bgimage-position-center_center\">\n\n\t\t\n\t\t\n\t\t\n\n<div class=\"wpb_column tm-column vc_column_container vc_col-sm-12 tm-zindex-0\">\n\t<div class=\"vc_column-inner  \">\n\t\t\t\t<div class=\"wpb_wrapper\">\n\t\t\t<div class=\"tm-element-heading-wrapper tm-heading-inner tm-element-align-center tm-seperator-solid tm-heading-style-vertical \"><section class=\"tm-vc_cta3-container\"><div class=\"tm-vc_general tm-vc_cta3 tm-cta3-only tm-vc_cta3-style-classic tm-vc_cta3-shape-rounded tm-vc_cta3-align-center tm-vc_cta3-color-transparent tm-vc_cta3-icon-size-md tm-vc_cta3-actions-no tm-cta3-without-desc\"><div class=\"tm-vc_cta3_content-container\"><div class=\"tm-vc_cta3-content\"><header class=\"tm-vc_cta3-content-header tm-wrap\"><div class=\"tm-vc_cta3-headers tm-wrap-cell\"><h4 class=\"tm-custom-heading \" >READY, SET...GO!<\/h4>\n<h2 class=\"tm-custom-heading \" >Pakete<\/h2>\n<\/div><\/header><\/div><\/div><\/div><\/section><\/div> <!-- .tm-element-heading-wrapper container --> \t\t<\/div>\n\t<\/div>\n<\/div>\n\n\n\n\t\t\n\t<\/div>\n\n\n\n\n\n\n\n<\/div><div class=\"templatera_shortcode\">\n\n\n\n<div class=\"tm-row wpb_row vc_row-fluid tm-zindex-0 vc_row container tm-bgimage-position-center_center\">\n\n\t\t\n\t\t\n\t\t\n\n<div class=\"wpb_column tm-column vc_column_container vc_col-sm-12 tm-zindex-0\">\n\t<div class=\"vc_column-inner  \">\n\t\t\t\t<div class=\"wpb_wrapper\">\n\t\t\t\n\t<div class=\"wpb_raw_code wpb_content_element wpb_raw_html\" >\n\t\t<div class=\"wpb_wrapper\">\n\t\t\t<div style=\"display: flex;\" class=\"activiteitenbox-ticket activiteitenbox-ticket-horizontal horizontal-container\">\n  <div style=\"flex: 1;\">\n    <img decoding=\"async\" src=\"\/wp-content\/uploads\/2022\/09\/pa-grandprix-2022-v1.png\" class=\"activiteitenbox-ticket-img-horizontal\">\n<\/div>\n\n  <div style=\"flex: 2; text-align: left; padding: 15px 30px 15px 15px;\">\n<div class=\"activiteitenbox-ticket-subheader\">F\u00fcr jeden Anl\u00e4sse<\/div>\n<div class=\"activiteitenbox-ticket-title-horizontal\">Kombi-pakete<\/div>\n<p id=\"text-activiteitenbox\">Etwas zu feiern, jemanden zu \u00fcberraschen oder einfach nur einen Ausflug machen, aber keine Inspiration? Dann werfen Sie einen Blick auf unsere Kombi-Pakete und planen Sie gleich einen Ausflug! Ideal f\u00fcr Firmen, Junggesellenabschiede, Familienausfl\u00fcge, Kindergeburtstage und Schulen. <a id=\"pointer\" href=\"https:\/\/powerarea.nl\/de\/arrangements\/kombi-pakete\/\">Mehr lesen \u2192<\/a>\n<\/div>\n<\/div>\n\n\n\t\t<\/div>\n\t<\/div>\n\t\t<\/div>\n\t<\/div>\n<\/div>\n\n\n\n\t\t\n\t<\/div>\n\n\n\n\n\n\n\n<\/div><div class=\"templatera_shortcode\">\n\n\n\n<div class=\"tm-row wpb_row vc_row-fluid tm-zindex-0 vc_row container tm-bgimage-position-center_center\">\n\n\t\t\n\t\t\n\t\t\n\n<div class=\"wpb_column tm-column vc_column_container vc_col-sm-12 tm-zindex-0\">\n\t<div class=\"vc_column-inner  \">\n\t\t\t\t<div class=\"wpb_wrapper\">\n\t\t\t\n\t<div class=\"wpb_raw_code wpb_content_element wpb_raw_html\" >\n\t\t<div class=\"wpb_wrapper\">\n\t\t\t<div style=\"display: flex;\" class=\"activiteitenbox-ticket activiteitenbox-ticket-horizontal horizontal-container\">\n  <div style=\"flex: 1;\">\n    <img decoding=\"async\" src=\"\/wp-content\/uploads\/2020\/07\/pa-lasergame-654x490px-jun20-v11-01.jpg\" class=\"activiteitenbox-ticket-img-horizontal\">\n<\/div>\n\n  <div style=\"flex: 2; text-align: left; padding: 15px 30px 15px 15px;\">\n<div class=\"activiteitenbox-ticket-subheader\">ALL IN ORT F\u00dcR<\/div>\n<div class=\"activiteitenbox-ticket-title-horizontal\">JUNGGESELLENABSCHIEDE<\/div>\n<p id=\"text-activiteitenbox\">Die Organisation eines Junggesellenabschieds war niemals einfacher. Kommen Sie zum Kartfahren, Lasertag, Paintball, Karaoke, Bowling und vielem mehr unter einem Dach! Kombinieren Sie die Aktivit\u00e4ten und genie\u00dfen Sie zum Abschluss ein Essen von unserer Speisekarte oder einem Buffet. <a id=\"pointer\" href=\"https:\/\/powerarea.nl\/de\/arrangements\/junggesellenabschiede\/\">Mehr lesen \u2192<\/a>\n<\/div>\n<\/div>\n\n\n\t\t<\/div>\n\t<\/div>\n\t\t<\/div>\n\t<\/div>\n<\/div>\n\n\n\n\t\t\n\t<\/div>\n\n\n\n\n\n\n\n<\/div><div class=\"templatera_shortcode\">\n\n\n\n<div class=\"tm-row wpb_row vc_row-fluid tm-zindex-0 vc_row container tm-bgimage-position-center_center\">\n\n\t\t\n\t\t\n\t\t\n\n<div class=\"wpb_column tm-column vc_column_container vc_col-sm-12 tm-zindex-0\">\n\t<div class=\"vc_column-inner  \">\n\t\t\t\t<div class=\"wpb_wrapper\">\n\t\t\t\n\t<div class=\"wpb_raw_code wpb_content_element wpb_raw_html\" >\n\t\t<div class=\"wpb_wrapper\">\n\t\t\t<div style=\"display: flex;\" class=\"activiteitenbox-ticket activiteitenbox-ticket-horizontal horizontal-container\">\n  <div style=\"flex: 1;\">\n    <img decoding=\"async\" src=\"\/wp-content\/uploads\/2022\/08\/pa-karten-2022-v1-7.png\" class=\"activiteitenbox-ticket-img-horizontal\">\n<\/div>\n\n  <div style=\"flex: 2; text-align: left; padding: 15px 30px 15px 15px;\">\n<div class=\"activiteitenbox-ticket-subheader\">ALL IN ORT F\u00dcR<\/div>\n<div class=\"activiteitenbox-ticket-title-horizontal\">KINDERGEBURTSTAG FEIER<\/div>\n<p id=\"text-activiteitenbox\">Suchen Sie einer coolen Kindergeburtstag feier f\u00fcr dich und deine Freunde? Dann komm zum Kartfahren, Bowling, Lasertag oder Karaoke. Kombinieren Sie die Aktivit\u00e4ten und genie\u00dfen Sie zum Abschluss ein Kindermen\u00fc (Pommes oder Pizza). <a id=\"pointer\" href=\"https:\/\/powerarea.nl\/de\/arrangements\/kindergeburtstage\/\">Mehr lesen \u2192<\/a>\n<\/div>\n<\/div>\n\n\n\t\t<\/div>\n\t<\/div>\n\t\t<\/div>\n\t<\/div>\n<\/div>\n\n\n\n\t\t\n\t<\/div>\n\n\n\n\n\n\n\n<\/div><div class=\"templatera_shortcode\">\n\n\n\n<div class=\"tm-row wpb_row vc_row-fluid tm-zindex-0 vc_row container tm-bgimage-position-center_center\">\n\n\t\t\n\t\t\n\t\t\n\n<div class=\"wpb_column tm-column vc_column_container vc_col-sm-12 tm-zindex-0\">\n\t<div class=\"vc_column-inner  \">\n\t\t\t\t<div class=\"wpb_wrapper\">\n\t\t\t\n\t<div class=\"wpb_raw_code wpb_content_element wpb_raw_html\" >\n\t\t<div class=\"wpb_wrapper\">\n\t\t\t<div style=\"display: flex;\" class=\"activiteitenbox-ticket activiteitenbox-ticket-horizontal horizontal-container\">\n  <div style=\"flex: 1;\">\n    <img decoding=\"async\" src=\"\/wp-content\/uploads\/2021\/01\/pa-highlights-karaoke-2021-2.png\" class=\"activiteitenbox-ticket-img-horizontal\">\n<\/div>\n\n  <div style=\"flex: 2; text-align: left; padding: 15px 30px 15px 15px;\">\n<div class=\"activiteitenbox-ticket-subheader\">ALL IN ORT F\u00dcR<\/div>\n<div class=\"activiteitenbox-ticket-title-horizontal\">FAMILIENFEIERN<\/div>\n<p id=\"text-activiteitenbox\">Ein Familienfeiern f\u00fcr Jung und Alt? Dann ist Powerarea die Adresse! Kommen Sie zum Kartfahren, Lasertag, Paintball, Karaoke, Bowling und vielem mehr unter ein Dach! Kombinieren Sie die Aktivit\u00e4ten und genie\u00dfen Sie zum Abschluss eine Mahlzeit von unserer Speisekarte oder einem Buffet. <a id=\"pointer\" href=\"https:\/\/powerarea.nl\/de\/arrangements\/familienfeiern\/\">Mehr lesen \u2192<\/a>\n<\/div>\n<\/div>\n\n\n\t\t<\/div>\n\t<\/div>\n\t\t<\/div>\n\t<\/div>\n<\/div>\n\n\n\n\t\t\n\t<\/div>\n\n\n\n\n\n\n\n<\/div><div class=\"templatera_shortcode\">\n\n\n\n<div class=\"tm-row wpb_row vc_row-fluid tm-zindex-0 vc_row container tm-bgimage-position-center_center\">\n\n\t\t\n\t\t\n\t\t\n\n<div class=\"wpb_column tm-column vc_column_container vc_col-sm-12 tm-zindex-0\">\n\t<div class=\"vc_column-inner  \">\n\t\t\t\t<div class=\"wpb_wrapper\">\n\t\t\t\n\t<div class=\"wpb_raw_code wpb_content_element wpb_raw_html\" >\n\t\t<div class=\"wpb_wrapper\">\n\t\t\t<div style=\"display: flex;\" class=\"activiteitenbox-ticket activiteitenbox-ticket-horizontal horizontal-container\">\n  <div style=\"flex: 1;\">\n    <img decoding=\"async\" src=\"\/wp-content\/uploads\/2022\/08\/pa-bowlen2-2022-v1.png\" class=\"activiteitenbox-ticket-img-horizontal\">\n<\/div>\n\n  <div style=\"flex: 2; text-align: left; padding: 15px 30px 15px 15px;\">\n<div class=\"activiteitenbox-ticket-subheader\">ALL IN ORT F\u00dcR<\/div>\n<div class=\"activiteitenbox-ticket-title-horizontal\">FIRMENFEIER<\/div>\n<p id=\"text-activiteitenbox\">Haben Sie etwas zu feiern oder m\u00f6chten Sie Ihre Mitarbeiter ins Spotlight stellen? Ein Weihnachtsfest, eine Neujahrsparty, ein oder ein Jubil\u00e4um? Es gibt viele Gr\u00fcnde, um ein spektakul\u00e4res Firmenfest zu organisieren. Bei Powerarea in Lemiers sind Sie an der richtigen Adresse f\u00fcr ein komplettes All-in-Aktivit\u00e4ten-Angebot. <a id=\"pointer\" href=\"https:\/\/powerarea.nl\/de\/arrangements\/firmenfeiern\/\">Mehr lesen \u2192<\/a>\n<\/div>\n<\/div>\n\n\n\t\t<\/div>\n\t<\/div>\n\t\t<\/div>\n\t<\/div>\n<\/div>\n\n\n\n\t\t\n\t<\/div>\n\n\n\n\n\n\n\n<\/div><div class=\"templatera_shortcode\">\n\n\n\n<div class=\"tm-row wpb_row vc_row-fluid tm-zindex-0 vc_row container tm-bgimage-position-center_center\">\n\n\t\t\n\t\t\n\t\t\n\n<div class=\"wpb_column tm-column vc_column_container vc_col-sm-12 tm-zindex-0\">\n\t<div class=\"vc_column-inner  \">\n\t\t\t\t<div class=\"wpb_wrapper\">\n\t\t\t\n\t<div class=\"wpb_raw_code wpb_content_element wpb_raw_html\" >\n\t\t<div class=\"wpb_wrapper\">\n\t\t\t<div style=\"display: flex;\" class=\"activiteitenbox-ticket activiteitenbox-ticket-horizontal horizontal-container\">\n  <div style=\"flex: 1;\">\n    <img decoding=\"async\" src=\"\/wp-content\/uploads\/2023\/03\/pa-website-productfotos-2023-v1_prison3.png\" class=\"activiteitenbox-ticket-img-horizontal\">\n<\/div>\n\n  <div style=\"flex: 2; text-align: left; padding: 15px 30px 15px 15px;\">\n<div class=\"activiteitenbox-ticket-subheader\">ALL IN ORT F\u00dcR<\/div>\n<div class=\"activiteitenbox-ticket-title-horizontal\">SCHULAUSFL\u00dcGE<\/div>\n<p id=\"text-activiteitenbox\">Suchen Sie einen Veranstaltungsort f\u00fcr Ihren n\u00e4chsten Schul- oder Klassenausflug oder m\u00f6chten Sie Ihren Sporttag einmal anders gestalten? Bei Powerarea bieten wir Ihnen verschiedene sportliche Aktivit\u00e4ten f\u00fcr ein tagesf\u00fcllendes Programm. <a id=\"pointer\" href=\"https:\/\/powerarea.nl\/de\/arrangements\/schulen\/\">Mehr lesen \u2192<\/a>\n<\/div>\n<\/div>\n\n\n\t\t<\/div>\n\t<\/div>\n\t\t<\/div>\n\t<\/div>\n<\/div>\n\n\n\n\t\t\n\t<\/div>\n\n\n\n\n\n\n\n<\/div>[\/vc_column][\/vc_row]","protected":false},"excerpt":{"rendered":"READY, SET...GO! Pakete F\u00fcr jeden Anl\u00e4sse Kombi-pakete Etwas zu feiern, jemanden zu \u00fcberraschen oder einfach nur einen Ausflug machen, aber keine Inspiration? Dann werfen Sie einen Blick auf unsere Kombi-Pakete und planen Sie gleich einen Ausflug! Ideal f\u00fcr Firmen, Junggesellenabschiede, Familienausfl\u00fcge, Kindergeburtstage und Schulen. Mehr lesen \u2192 ALL IN ORT F\u00dcR JUNGGESELLENABSCHIEDE Die Organisation eines &hellip; <a href=\"https:\/\/powerarea.nl\/de\/pakete\/\" class=\"more-link\">Continue reading <span class=\"screen-reader-text\">Arrangements<\/span><\/a>","protected":false},"author":5,"featured_media":0,"parent":0,"menu_order":0,"comment_status":"closed","ping_status":"closed","template":"","meta":{"_monsterinsights_skip_tracking":false,"_monsterinsights_sitenote_active":false,"_monsterinsights_sitenote_note":"","_monsterinsights_sitenote_category":0,"footnotes":""},"categories":[],"tags":[],"class_list":["post-7971","page","type-page","status-publish","hentry"],"yoast_head":"<!-- This site is optimized with the Yoast SEO plugin v23.5 - https:\/\/yoast.com\/wordpress\/plugins\/seo\/ -->\n<title>Arrangements | Powerarea Lemiers-Vaals<\/title>\n<meta name=\"description\" content=\"Junggesellenabschied, Firmen- oder Teamausflug, Familientag oder Tagesausflug mit einer Gruppe von Freunden? Bei Powerarea ist alles m\u00f6glich!\" \/>\n<meta name=\"robots\" content=\"index, follow, max-snippet:-1, max-image-preview:large, max-video-preview:-1\" \/>\n<link rel=\"canonical\" href=\"https:\/\/powerarea.nl\/de\/pakete\/\" \/>\n<meta property=\"og:locale\" content=\"de_DE\" \/>\n<meta property=\"og:type\" content=\"article\" \/>\n<meta property=\"og:title\" content=\"Arrangements | Powerarea Lemiers-Vaals\" \/>\n<meta property=\"og:description\" content=\"Junggesellenabschied, Firmen- oder Teamausflug, Familientag oder Tagesausflug mit einer Gruppe von Freunden? Bei Powerarea ist alles m\u00f6glich!\" \/>\n<meta property=\"og:url\" content=\"https:\/\/powerarea.nl\/de\/pakete\/\" \/>\n<meta property=\"og:site_name\" content=\"Powerarea\" \/>\n<meta property=\"article:modified_time\" content=\"2023-03-29T11:00:46+00:00\" \/>\n<meta name=\"twitter:card\" content=\"summary_large_image\" \/>\n<meta name=\"twitter:label1\" content=\"Gesch\u00e4tzte Lesezeit\" \/>\n\t<meta name=\"twitter:data1\" content=\"1\u00a0Minute\" \/>\n<script type=\"application\/ld+json\" class=\"yoast-schema-graph\">{\"@context\":\"https:\/\/schema.org\",\"@graph\":[{\"@type\":\"WebPage\",\"@id\":\"https:\/\/powerarea.nl\/de\/pakete\/\",\"url\":\"https:\/\/powerarea.nl\/de\/pakete\/\",\"name\":\"Arrangements | Powerarea Lemiers-Vaals\",\"isPartOf\":{\"@id\":\"https:\/\/powerarea.nl\/#website\"},\"datePublished\":\"2020-05-04T14:33:58+00:00\",\"dateModified\":\"2023-03-29T11:00:46+00:00\",\"description\":\"Junggesellenabschied, Firmen- oder Teamausflug, Familientag oder Tagesausflug mit einer Gruppe von Freunden? Bei Powerarea ist alles m\u00f6glich!\",\"breadcrumb\":{\"@id\":\"https:\/\/powerarea.nl\/de\/pakete\/#breadcrumb\"},\"inLanguage\":\"de\",\"potentialAction\":[{\"@type\":\"ReadAction\",\"target\":[\"https:\/\/powerarea.nl\/de\/pakete\/\"]}]},{\"@type\":\"BreadcrumbList\",\"@id\":\"https:\/\/powerarea.nl\/de\/pakete\/#breadcrumb\",\"itemListElement\":[{\"@type\":\"ListItem\",\"position\":1,\"name\":\"Home\",\"item\":\"https:\/\/powerarea.nl\/de\/\"},{\"@type\":\"ListItem\",\"position\":2,\"name\":\"Arrangements\"}]},{\"@type\":\"WebSite\",\"@id\":\"https:\/\/powerarea.nl\/#website\",\"url\":\"https:\/\/powerarea.nl\/\",\"name\":\"Powerarea\",\"description\":\"Powerarea\",\"potentialAction\":[{\"@type\":\"SearchAction\",\"target\":{\"@type\":\"EntryPoint\",\"urlTemplate\":\"https:\/\/powerarea.nl\/?s={search_term_string}\"},\"query-input\":{\"@type\":\"PropertyValueSpecification\",\"valueRequired\":true,\"valueName\":\"search_term_string\"}}],\"inLanguage\":\"de\"}]}<\/script>\n<!-- \/ Yoast SEO plugin. -->","yoast_head_json":{"title":"Arrangements | Powerarea Lemiers-Vaals","description":"Junggesellenabschied, Firmen- oder Teamausflug, Familientag oder Tagesausflug mit einer Gruppe von Freunden? Bei Powerarea ist alles m\u00f6glich!","robots":{"index":"index","follow":"follow","max-snippet":"max-snippet:-1","max-image-preview":"max-image-preview:large","max-video-preview":"max-video-preview:-1"},"canonical":"https:\/\/powerarea.nl\/de\/pakete\/","og_locale":"de_DE","og_type":"article","og_title":"Arrangements | Powerarea Lemiers-Vaals","og_description":"Junggesellenabschied, Firmen- oder Teamausflug, Familientag oder Tagesausflug mit einer Gruppe von Freunden? Bei Powerarea ist alles m\u00f6glich!","og_url":"https:\/\/powerarea.nl\/de\/pakete\/","og_site_name":"Powerarea","article_modified_time":"2023-03-29T11:00:46+00:00","twitter_card":"summary_large_image","twitter_misc":{"Gesch\u00e4tzte Lesezeit":"1\u00a0Minute"},"schema":{"@context":"https:\/\/schema.org","@graph":[{"@type":"WebPage","@id":"https:\/\/powerarea.nl\/de\/pakete\/","url":"https:\/\/powerarea.nl\/de\/pakete\/","name":"Arrangements | Powerarea Lemiers-Vaals","isPartOf":{"@id":"https:\/\/powerarea.nl\/#website"},"datePublished":"2020-05-04T14:33:58+00:00","dateModified":"2023-03-29T11:00:46+00:00","description":"Junggesellenabschied, Firmen- oder Teamausflug, Familientag oder Tagesausflug mit einer Gruppe von Freunden? Bei Powerarea ist alles m\u00f6glich!","breadcrumb":{"@id":"https:\/\/powerarea.nl\/de\/pakete\/#breadcrumb"},"inLanguage":"de","potentialAction":[{"@type":"ReadAction","target":["https:\/\/powerarea.nl\/de\/pakete\/"]}]},{"@type":"BreadcrumbList","@id":"https:\/\/powerarea.nl\/de\/pakete\/#breadcrumb","itemListElement":[{"@type":"ListItem","position":1,"name":"Home","item":"https:\/\/powerarea.nl\/de\/"},{"@type":"ListItem","position":2,"name":"Arrangements"}]},{"@type":"WebSite","@id":"https:\/\/powerarea.nl\/#website","url":"https:\/\/powerarea.nl\/","name":"Powerarea","description":"Powerarea","potentialAction":[{"@type":"SearchAction","target":{"@type":"EntryPoint","urlTemplate":"https:\/\/powerarea.nl\/?s={search_term_string}"},"query-input":{"@type":"PropertyValueSpecification","valueRequired":true,"valueName":"search_term_string"}}],"inLanguage":"de"}]}},"_links":{"self":[{"href":"https:\/\/powerarea.nl\/de\/wp-json\/wp\/v2\/pages\/7971"}],"collection":[{"href":"https:\/\/powerarea.nl\/de\/wp-json\/wp\/v2\/pages"}],"about":[{"href":"https:\/\/powerarea.nl\/de\/wp-json\/wp\/v2\/types\/page"}],"author":[{"embeddable":true,"href":"https:\/\/powerarea.nl\/de\/wp-json\/wp\/v2\/users\/5"}],"replies":[{"embeddable":true,"href":"https:\/\/powerarea.nl\/de\/wp-json\/wp\/v2\/comments?post=7971"}],"version-history":[{"count":0,"href":"https:\/\/powerarea.nl\/de\/wp-json\/wp\/v2\/pages\/7971\/revisions"}],"wp:attachment":[{"href":"https:\/\/powerarea.nl\/de\/wp-json\/wp\/v2\/media?parent=7971"}],"wp:term":[{"taxonomy":"category","embeddable":true,"href":"https:\/\/powerarea.nl\/de\/wp-json\/wp\/v2\/categories?post=7971"},{"taxonomy":"post_tag","embeddable":true,"href":"https:\/\/powerarea.nl\/de\/wp-json\/wp\/v2\/tags?post=7971"}],"curies":[{"name":"wp","href":"https:\/\/api.w.org\/{rel}","templated":true}]}}